{"id":487,"date":"2019-11-13T09:49:08","date_gmt":"2019-11-13T08:49:08","guid":{"rendered":"http:\/\/s11mailingclick.com\/eupet\/?page_id=487"},"modified":"2019-11-15T09:26:20","modified_gmt":"2019-11-15T08:26:20","slug":"condiciones-de-uso","status":"publish","type":"page","link":"https:\/\/www.eurocarpet.eu\/shop\/condiciones-de-uso\/","title":{"rendered":"Condiciones de uso"},"content":{"rendered":"<p>[et_pb_section fb_built=\u00bb1&#8243; admin_label=\u00bbsection\u00bb _builder_version=\u00bb3.22.7&#8243; custom_padding=\u00bb15px||\u00bb][et_pb_row use_custom_gutter=\u00bbon\u00bb gutter_width=\u00bb2&#8243; admin_label=\u00bbrow\u00bb _builder_version=\u00bb4.0.6&#8243; background_size=\u00bbinitial\u00bb background_position=\u00bbtop_left\u00bb background_repeat=\u00bbrepeat\u00bb width=\u00bb95%\u00bb][et_pb_column type=\u00bb4_4&#8243; _builder_version=\u00bb3.0.47&#8243; custom_padding=\u00bb|||\u00bb custom_padding__hover=\u00bb|||\u00bb][et_pb_text _builder_version=\u00bb4.0.6&#8243; z_index_tablet=\u00bb500&#8243; hover_enabled=\u00bb0&#8243; text_text_shadow_horizontal_length_tablet=\u00bb0px\u00bb text_text_shadow_vertical_length_tablet=\u00bb0px\u00bb text_text_shadow_blur_strength_tablet=\u00bb1px\u00bb link_text_shadow_horizontal_length_tablet=\u00bb0px\u00bb link_text_shadow_vertical_length_tablet=\u00bb0px\u00bb link_text_shadow_blur_strength_tablet=\u00bb1px\u00bb ul_text_shadow_horizontal_length_tablet=\u00bb0px\u00bb ul_text_shadow_vertical_length_tablet=\u00bb0px\u00bb ul_text_shadow_blur_strength_tablet=\u00bb1px\u00bb ol_text_shadow_horizontal_length_tablet=\u00bb0px\u00bb ol_text_shadow_vertical_length_tablet=\u00bb0px\u00bb ol_text_shadow_blur_strength_tablet=\u00bb1px\u00bb quote_text_shadow_horizontal_length_tablet=\u00bb0px\u00bb quote_text_shadow_vertical_length_tablet=\u00bb0px\u00bb quote_text_shadow_blur_strength_tablet=\u00bb1px\u00bb header_text_shadow_horizontal_length_tablet=\u00bb0px\u00bb header_text_shadow_vertical_length_tablet=\u00bb0px\u00bb header_text_shadow_blur_strength_tablet=\u00bb1px\u00bb header_2_text_shadow_horizontal_length_tablet=\u00bb0px\u00bb header_2_text_shadow_vertical_length_tablet=\u00bb0px\u00bb header_2_text_shadow_blur_strength_tablet=\u00bb1px\u00bb header_3_text_shadow_horizontal_length_tablet=\u00bb0px\u00bb header_3_text_shadow_vertical_length_tablet=\u00bb0px\u00bb header_3_text_shadow_blur_strength_tablet=\u00bb1px\u00bb header_4_text_shadow_horizontal_length_tablet=\u00bb0px\u00bb header_4_text_shadow_vertical_length_tablet=\u00bb0px\u00bb header_4_text_shadow_blur_strength_tablet=\u00bb1px\u00bb header_5_text_shadow_horizontal_length_tablet=\u00bb0px\u00bb header_5_text_shadow_vertical_length_tablet=\u00bb0px\u00bb header_5_text_shadow_blur_strength_tablet=\u00bb1px\u00bb header_6_text_shadow_horizontal_length_tablet=\u00bb0px\u00bb header_6_text_shadow_vertical_length_tablet=\u00bb0px\u00bb header_6_text_shadow_blur_strength_tablet=\u00bb1px\u00bb box_shadow_horizontal_tablet=\u00bb0px\u00bb box_shadow_vertical_tablet=\u00bb0px\u00bb box_shadow_blur_tablet=\u00bb40px\u00bb box_shadow_spread_tablet=\u00bb0px\u00bb]<\/p>\n<p>EUROCARPET.EU ofrece en su tienda on-line una tienda abierta las 24 horas del d\u00eda, todos los d\u00edas del a\u00f1o y donde podr\u00e1s comprar art\u00edculos desde la comodidad de tu ordenador. A continuaci\u00f3n te detallamos las condiciones generales que regulan la compra de nuestros productos a trav\u00e9s de Eurocarpet.eu. En este sentido, el uso de esta p\u00e1gina web establece la aceptaci\u00f3n de estas condiciones generales.<\/p>\n<p><strong>REGISTRO<\/strong><br \/>\nPara comprar en nuestra tienda online Eurocarpet.eu debes registrarte en ella. Tus datos ser\u00e1n guardados y as\u00ed tus futuras compras ser\u00e1n m\u00e1s r\u00e1pidas. Para darte de alta y comprar en nuestra tienda online debes ir al apartado \u201cLog in o Mi Cuenta\u201d. Si est\u00e1s registrado para comprar en nuestra tienda online y has olvidado tu contrase\u00f1a debes ir al apartado \u201cLog in o Mi Cuenta\u201d, pulsar la opci\u00f3n \u00bfHas olvidado tu contrase\u00f1a? e insertar tu direcci\u00f3n de e-mail y \u201ccontinuar\u201d e inmediatamente recibir\u00e1s un correo electr\u00f3nico con tu contrase\u00f1a.<\/p>\n<p><strong>PROCEDIMIENTO DE COMPRA<\/strong><br \/>\n\u00a1Comprar en la tienda online de Eurocarpet.eu es muy f\u00e1cil! <\/p>\n<p>Tras entrar a nuestra tienda visualizar\u00e1s varias v\u00edas de b\u00fasqueda y selecci\u00f3n de nuestros productos. Puede elegir la moqueta ferial que necesita y en su modalidad de rollo, por metros o reciclada. Para ver el art\u00edculo con m\u00e1s detalle pulsa sobre la fotograf\u00eda del art\u00edculo y aparecer\u00e1 la ficha del mismo, a continuaci\u00f3n elija la cantidad de art\u00edculos del mismo y pulsa el bot\u00f3n \u201ca\u00f1adir al carrito\u201d. Cuando quieras confirmar tus compras pulsa Mi carrito, entonces, pulsa confirmar pedido y pasar\u00e1s a la p\u00e1gina de Identificaci\u00f3n. Si a\u00fan no est\u00e1s registrado, debes rellenar la informaci\u00f3n requerida y pulsar \u201cAceptar\u201d. Si ya eres usuario, haz clic en \u201cLog in\u201d y accede a tu cuenta con tu nombre de usuario y contrase\u00f1a. <\/p>\n<p>Una vez dentro de tu cuenta ver\u00e1s tu carrito y entonces debes pulsar \u201cConfirmar pedido\u201d y pasar\u00e1s al Env\u00edo y Pago. En esta parte debes especificar si quieres que el pedido se env\u00ede a tu direcci\u00f3n de registro o a otra diferente, y luego efectuar el pago. Una vez concluido el pago visualizar\u00e1s la Confirmaci\u00f3n de registro del pedido e inmediatamente recibir\u00e1s dicha confirmaci\u00f3n en tu correo electr\u00f3nico. <\/p>\n<p><strong>ATENCI\u00d3N AL CONSUMIDOR<\/strong><br \/>\nSi tienes cualquier duda con respecto a productos o servicios de nuestra tienda online, ponte en contacto con nosotros a trav\u00e9s de nuestro correo electr\u00f3nico info@eurocarpet.eu. Te contestaremos r\u00e1pidamente.<\/p>\n<p><strong>PRECIO DE LOS PRODUCTOS<\/strong><br \/>\nEl precio de los productos est\u00e1 en EUROS y aunque en el cat\u00e1logo aparecen sin impuestos. Todos los precios son Impuestos excluidos para Empresas de la Uni\u00f3n Europea (Excepto Espa\u00f1a), en cuyo caso deber\u00e1 a\u00f1adir a la cifra del pedido el IVA correspondiente. En el resumen final de compra se muestra el precio definitivo o total de la misma, indicando la cantidad correspondiente a precio del producto determinado y la cantidad correspondiente a los impuestos. En relaci\u00f3n al Impuesto sobre el Valor A\u00f1adido, como regla general se aplicar\u00e1 el tipo impositivo del 21% para el territorio de la Uni\u00f3n Europea donde es de aplicaci\u00f3n este impuesto. Los precios expuestos podr\u00e1n ser revisados y modificados en cualquier momento por Eurocarpet.eu. <\/p>\n<p><strong>FORMAS Y PORTES DE ENV\u00cdO<\/strong><br \/>\nLa tienda on-line Eurocarpet.eu te ofrece comodidad y flexibilidad, por lo que enviamos tu pedido por agencia de transporte a tu localizaci\u00f3n. Los costes de transporte est\u00e1n incluidos en el precio. Todos los pedidos confirmados y pagados en nuestra tienda online se env\u00edan en un plazo m\u00e1ximo aproximado de 5 a 10 d\u00edas laborables contabilizables a partir del d\u00eda siguiente a recibir la transferencia en nuestra cuenta bancaria. Si el color elegido de moqueta ferial no se encuentra en stock, el compromiso de entrega se aumenta en 10 d\u00edas laborables m\u00e1s como m\u00e1ximo de los plazos habitualmente establecidos. O en su defecto se le propondr\u00e1 al cliente un cambio por un color similar, siempre contando con la aprobaci\u00f3n del cliente. Tan pronto tu pedido salga de nuestros almacenes te enviaremos un e-mail de confirmaci\u00f3n de salida del pedido. Con el fin de optimizar la entrega, debes indicar una direcci\u00f3n en la cual el pedido pueda ser entregado dentro del horario laboral habitual.<\/p>\n<p>El repartidor efectuar\u00e1 la entrega del pedido en horario laboral. Si la entrega no se puede realizar tras dos intentos sin \u00e9xito, entonces nuestro repartidor notificar\u00e1 la imposibilidad de hacer la entrega por ausencia del destinatario y dejar\u00e1 una nota para que acuda a la oficina m\u00e1s cercana para su retirada en oficinas. La tienda online Eurocarpet.eu no hace entregas en apartados postales. Por favor detalla todos los datos necesarios para la entrega en tu direcci\u00f3n de env\u00edo. Tener la informaci\u00f3n completa nos permite entregar tu pedido a tiempo.<\/p>\n<p>La tienda on-line eurocarpet.eu no podr\u00e1 ser considerada responsable del incumplimiento del contrato suscrito en caso de agotamiento de las existencias o de indisponibilidad del producto, de fuerza mayor, de interrupci\u00f3n de la actividad o huelga total o parcial, en especial, de los servicios postales y medios de transporte o comunicaciones, inundaciones o incendio.<\/p>\n<p>Eurocarpet no se hace responsable de los posibles retrasos en lo plazos de entregas, siempre y cuando sean derivados por motivos de la agencia de transporte.<\/p>\n<p><strong>FORMA DE PAGO<\/strong><br \/>\nLa tienda online Eurocarpet.eu acepta como medio de pago transferencia bancaria, y tarjeta de cr\u00e9dito y d\u00e9bito a trav\u00e9s del sistema PAYPAL. <\/p>\n<p><strong>GARANT\u00cdA DE LOS PRODUCTOS<\/strong><br \/>\nLos productos adquiridos en nuestra tienda, mantienen las mismas garant\u00edas que aquellos que se compran en cualquier punto de venta tradicional, es decir, una garant\u00eda de calidad contra defectos de fabricaci\u00f3n y materiales utilizados en productos (esto no es una garant\u00eda contra uso y desgaste) por el per\u00edodo de tiempo legalmente vigente.<br \/>\n[\/et_pb_text][\/et_pb_column][\/et_pb_row][\/et_pb_section]<\/p>\n","protected":false},"excerpt":{"rendered":"<p>EUROCARPET.EU ofrece en su tienda on-line una tienda abierta las 24 horas del d\u00eda, todos los d\u00edas del a\u00f1o y donde podr\u00e1s comprar art\u00edculos desde la comodidad de tu ordenador. A continuaci\u00f3n te detallamos las condiciones generales que regulan la compra de nuestros productos a trav\u00e9s de Eurocarpet.eu. En este sentido, el uso de esta [&hellip;]<\/p>\n","protected":false},"author":1,"featured_media":0,"parent":0,"menu_order":0,"comment_status":"closed","ping_status":"closed","template":"","meta":{"_et_pb_use_builder":"on","_et_pb_old_content":"","_et_gb_content_width":""},"_links":{"self":[{"href":"https:\/\/www.eurocarpet.eu\/shop\/wp-json\/wp\/v2\/pages\/487"}],"collection":[{"href":"https:\/\/www.eurocarpet.eu\/shop\/wp-json\/wp\/v2\/pages"}],"about":[{"href":"https:\/\/www.eurocarpet.eu\/shop\/wp-json\/wp\/v2\/types\/page"}],"author":[{"embeddable":true,"href":"https:\/\/www.eurocarpet.eu\/shop\/wp-json\/wp\/v2\/users\/1"}],"replies":[{"embeddable":true,"href":"https:\/\/www.eurocarpet.eu\/shop\/wp-json\/wp\/v2\/comments?post=487"}],"version-history":[{"count":5,"href":"https:\/\/www.eurocarpet.eu\/shop\/wp-json\/wp\/v2\/pages\/487\/revisions"}],"predecessor-version":[{"id":610,"href":"https:\/\/www.eurocarpet.eu\/shop\/wp-json\/wp\/v2\/pages\/487\/revisions\/610"}],"wp:attachment":[{"href":"https:\/\/www.eurocarpet.eu\/shop\/wp-json\/wp\/v2\/media?parent=487"}],"curies":[{"name":"wp","href":"https:\/\/api.w.org\/{rel}","templated":true}]}}