{"id":110,"date":"2019-11-08T14:15:28","date_gmt":"2019-11-08T13:15:28","guid":{"rendered":"http:\/\/s11mailingclick.com\/eupet\/?page_id=110"},"modified":"2019-11-13T09:41:18","modified_gmt":"2019-11-13T08:41:18","slug":"ficha-tecnica-de-moqueta-ferial","status":"publish","type":"page","link":"https:\/\/www.eurocarpet.eu\/shop\/ficha-tecnica-de-moqueta-ferial\/","title":{"rendered":"Ficha t\u00e9cnica de moqueta ferial"},"content":{"rendered":"<p>[et_pb_section fb_built=\u00bb1&#8243; admin_label=\u00bbsection\u00bb _builder_version=\u00bb4.0.6&#8243; background_color=\u00bb#9f241d\u00bb background_image=\u00bbhttps:\/\/www.eurocarpet.eu\/shop\/wp-content\/uploads\/2019\/11\/bg_footer.jpg\u00bb background_size=\u00bbinitial\u00bb background_repeat=\u00bbrepeat\u00bb custom_padding=\u00bb10px||10px||true|\u00bb z_index_tablet=\u00bb500&#8243; box_shadow_horizontal_tablet=\u00bb0px\u00bb box_shadow_vertical_tablet=\u00bb0px\u00bb box_shadow_blur_tablet=\u00bb40px\u00bb box_shadow_spread_tablet=\u00bb0px\u00bb global_module=\u00bb433&#8243;][et_pb_row column_structure=\u00bb1_4,1_4,1_4,1_4&#8243; use_custom_gutter=\u00bbon\u00bb gutter_width=\u00bb1&#8243; admin_label=\u00bbrow\u00bb _builder_version=\u00bb4.0.6&#8243; background_size=\u00bbinitial\u00bb background_position=\u00bbtop_left\u00bb background_repeat=\u00bbrepeat\u00bb width=\u00bb55%\u00bb module_alignment=\u00bbleft\u00bb custom_padding=\u00bb10px|10px|10px|10px|true|true\u00bb][et_pb_column type=\u00bb1_4&#8243; _builder_version=\u00bb3.25&#8243; custom_padding=\u00bb|||\u00bb custom_padding__hover=\u00bb|||\u00bb][et_pb_blurb use_icon=\u00bbon\u00bb font_icon=\u00bb%%258%%\u00bb icon_color=\u00bb#ffffff\u00bb icon_placement=\u00bbleft\u00bb _builder_version=\u00bb4.0.6&#8243; background_layout=\u00bbdark\u00bb animation=\u00bboff\u00bb link_option_url=\u00bbhttps:\/\/www.eurocarpet.eu\/shop\/mi-cuenta\/\u00bb]<\/p>\n<p>Entrar<\/p>\n<p>[\/et_pb_blurb][\/et_pb_column][et_pb_column type=\u00bb1_4&#8243; _builder_version=\u00bb3.25&#8243; custom_padding=\u00bb|||\u00bb custom_padding__hover=\u00bb|||\u00bb][et_pb_blurb use_icon=\u00bbon\u00bb font_icon=\u00bb%%109%%\u00bb icon_color=\u00bb#ffffff\u00bb icon_placement=\u00bbleft\u00bb _builder_version=\u00bb3.22.7&#8243; background_layout=\u00bbdark\u00bb animation=\u00bboff\u00bb link_option_url=\u00bbhttps:\/\/www.eurocarpet.eu\/shop\/contactenos\/\u00bb]<\/p>\n<p>Contacto<\/p>\n<p>[\/et_pb_blurb][\/et_pb_column][et_pb_column type=\u00bb1_4&#8243; _builder_version=\u00bb3.25&#8243; custom_padding=\u00bb|||\u00bb custom_padding__hover=\u00bb|||\u00bb][et_pb_blurb use_icon=\u00bbon\u00bb font_icon=\u00bb%%114%%\u00bb icon_color=\u00bb#ffffff\u00bb icon_placement=\u00bbleft\u00bb _builder_version=\u00bb4.0.6&#8243; background_layout=\u00bbdark\u00bb animation=\u00bboff\u00bb link_option_url=\u00bbhttps:\/\/www.eurocarpet.eu\/shop\/carrito\/\u00bb]<\/p>\n<p>Carrito<\/p>\n<p>[\/et_pb_blurb][\/et_pb_column][et_pb_column type=\u00bb1_4&#8243; _builder_version=\u00bb3.25&#8243; custom_padding=\u00bb|||\u00bb custom_padding__hover=\u00bb|||\u00bb][et_pb_blurb use_icon=\u00bbon\u00bb font_icon=\u00bb%%165%%\u00bb icon_color=\u00bb#ffffff\u00bb icon_placement=\u00bbleft\u00bb _builder_version=\u00bb3.22.7&#8243; background_layout=\u00bbdark\u00bb animation=\u00bboff\u00bb]<\/p>\n<p>Idioma<\/p>\n<p>[\/et_pb_blurb][\/et_pb_column][\/et_pb_row][\/et_pb_section][et_pb_section fb_built=\u00bb1&#8243; admin_label=\u00bbsection\u00bb _builder_version=\u00bb3.22.7&#8243; custom_padding=\u00bb15px||\u00bb][et_pb_row column_structure=\u00bb1_4,1_2,1_4&#8243; use_custom_gutter=\u00bbon\u00bb gutter_width=\u00bb2&#8243; admin_label=\u00bbrow\u00bb _builder_version=\u00bb3.25&#8243; background_size=\u00bbinitial\u00bb background_position=\u00bbtop_left\u00bb background_repeat=\u00bbrepeat\u00bb width=\u00bb95%\u00bb][et_pb_column type=\u00bb1_4&#8243; _builder_version=\u00bb3.25&#8243; custom_padding=\u00bb|||\u00bb custom_padding__hover=\u00bb|||\u00bb][et_pb_text _builder_version=\u00bb3.27.4&#8243; text_font=\u00bb||||||||\u00bb header_font=\u00bb||||||||\u00bb header_3_font=\u00bb||||||||\u00bb header_3_text_color=\u00bb#ffffff\u00bb header_3_font_size=\u00bb18px\u00bb background_color=\u00bb#9f241d\u00bb background_image=\u00bbhttps:\/\/www.eurocarpet.eu\/shop\/wp-content\/uploads\/2019\/11\/bg_footer.jpg\u00bb background_size=\u00bbinitial\u00bb background_repeat=\u00bbrepeat\u00bb custom_margin=\u00bb||20px|||\u00bb custom_padding=\u00bb10px||2px|10px||\u00bb z_index_tablet=\u00bb500&#8243; border_radii=\u00bbon|20px|20px|20px|20px\u00bb]<\/p>\n<h3>Categor\u00edas<\/h3>\n<p>[\/et_pb_text][et_pb_text ul_position=\u00bbinside\u00bb _builder_version=\u00bb4.0.6&#8243; z_index_tablet=\u00bb500&#8243; text_text_shadow_horizontal_length_tablet=\u00bb0px\u00bb text_text_shadow_vertical_length_tablet=\u00bb0px\u00bb text_text_shadow_blur_strength_tablet=\u00bb1px\u00bb link_text_shadow_horizontal_length_tablet=\u00bb0px\u00bb link_text_shadow_vertical_length_tablet=\u00bb0px\u00bb link_text_shadow_blur_strength_tablet=\u00bb1px\u00bb ul_text_shadow_horizontal_length_tablet=\u00bb0px\u00bb ul_text_shadow_vertical_length_tablet=\u00bb0px\u00bb ul_text_shadow_blur_strength_tablet=\u00bb1px\u00bb ol_text_shadow_horizontal_length_tablet=\u00bb0px\u00bb ol_text_shadow_vertical_length_tablet=\u00bb0px\u00bb ol_text_shadow_blur_strength_tablet=\u00bb1px\u00bb quote_text_shadow_horizontal_length_tablet=\u00bb0px\u00bb quote_text_shadow_vertical_length_tablet=\u00bb0px\u00bb quote_text_shadow_blur_strength_tablet=\u00bb1px\u00bb header_text_shadow_horizontal_length_tablet=\u00bb0px\u00bb header_text_shadow_vertical_length_tablet=\u00bb0px\u00bb header_text_shadow_blur_strength_tablet=\u00bb1px\u00bb header_2_text_shadow_horizontal_length_tablet=\u00bb0px\u00bb header_2_text_shadow_vertical_length_tablet=\u00bb0px\u00bb header_2_text_shadow_blur_strength_tablet=\u00bb1px\u00bb header_3_text_shadow_horizontal_length_tablet=\u00bb0px\u00bb header_3_text_shadow_vertical_length_tablet=\u00bb0px\u00bb header_3_text_shadow_blur_strength_tablet=\u00bb1px\u00bb header_4_text_shadow_horizontal_length_tablet=\u00bb0px\u00bb header_4_text_shadow_vertical_length_tablet=\u00bb0px\u00bb header_4_text_shadow_blur_strength_tablet=\u00bb1px\u00bb header_5_text_shadow_horizontal_length_tablet=\u00bb0px\u00bb header_5_text_shadow_vertical_length_tablet=\u00bb0px\u00bb header_5_text_shadow_blur_strength_tablet=\u00bb1px\u00bb header_6_text_shadow_horizontal_length_tablet=\u00bb0px\u00bb header_6_text_shadow_vertical_length_tablet=\u00bb0px\u00bb header_6_text_shadow_blur_strength_tablet=\u00bb1px\u00bb box_shadow_horizontal_tablet=\u00bb0px\u00bb box_shadow_vertical_tablet=\u00bb0px\u00bb box_shadow_blur_tablet=\u00bb40px\u00bb box_shadow_spread_tablet=\u00bb0px\u00bb global_module=\u00bb426&#8243; saved_tabs=\u00bball\u00bb]<\/p>\n<ul>\n<li><a href=\"https:\/\/www.eurocarpet.eu\/shop\/moqueta-ferial-roja\/\" style=\"color: #666;\">Moqueta Ferial Roja<\/a><\/li>\n<li><a href=\"https:\/\/www.eurocarpet.eu\/shop\/moqueta-ferial-para-eventos\/\" style=\"color: #666;\">Moqueta para Eventos<\/a><\/li>\n<li><a href=\"https:\/\/www.eurocarpet.eu\/shop\/moqueta-especial-para-bodas\/\" style=\"color: #666;\">Moqueta para Bodas<\/a><\/li>\n<\/ul>\n<p>[\/et_pb_text][et_pb_text _builder_version=\u00bb3.27.4&#8243; text_font=\u00bb||||||||\u00bb header_font=\u00bb||||||||\u00bb header_3_font=\u00bb||||||||\u00bb header_3_text_color=\u00bb#ffffff\u00bb header_3_font_size=\u00bb18px\u00bb background_color=\u00bb#9f241d\u00bb background_image=\u00bbhttps:\/\/www.eurocarpet.eu\/shop\/wp-content\/uploads\/2019\/11\/bg_footer.jpg\u00bb background_size=\u00bbinitial\u00bb background_repeat=\u00bbrepeat\u00bb custom_margin=\u00bb||20px|||\u00bb custom_padding=\u00bb10px||2px|10px||\u00bb z_index_tablet=\u00bb500&#8243; border_radii=\u00bbon|20px|20px|20px|20px\u00bb]<\/p>\n<h3>M\u00e1s vistos<\/h3>\n<p>[\/et_pb_text][et_pb_sidebar area=\u00bbet_pb_widget_area_1&#8243; show_border=\u00bboff\u00bb _builder_version=\u00bb3.22.7&#8243; custom_margin=\u00bb||35px|||\u00bb][\/et_pb_sidebar][et_pb_image src=\u00bbhttps:\/\/www.eurocarpet.eu\/shop\/wp-content\/uploads\/2019\/11\/publi-entrega.png\u00bb align=\u00bbcenter\u00bb align_tablet=\u00bbcenter\u00bb align_phone=\u00bb\u00bb align_last_edited=\u00bbon|desktop\u00bb _builder_version=\u00bb3.23&#8243; custom_margin=\u00bb||35px\u00bb][\/et_pb_image][et_pb_image src=\u00bbhttps:\/\/www.eurocarpet.eu\/shop\/wp-content\/uploads\/2019\/11\/advertising-s1.png\u00bb align=\u00bbcenter\u00bb align_tablet=\u00bbcenter\u00bb align_phone=\u00bb\u00bb align_last_edited=\u00bbon|desktop\u00bb _builder_version=\u00bb3.23&#8243; custom_margin=\u00bb||35px\u00bb][\/et_pb_image][et_pb_text _builder_version=\u00bb3.27.4&#8243; text_font=\u00bb||||||||\u00bb header_font=\u00bb||||||||\u00bb header_3_font=\u00bb||||||||\u00bb header_3_text_color=\u00bb#ffffff\u00bb header_3_font_size=\u00bb18px\u00bb background_color=\u00bb#9f241d\u00bb background_image=\u00bbhttps:\/\/www.eurocarpet.eu\/shop\/wp-content\/uploads\/2019\/11\/bg_footer.jpg\u00bb background_size=\u00bbinitial\u00bb background_repeat=\u00bbrepeat\u00bb custom_margin=\u00bb||20px|||\u00bb custom_padding=\u00bb10px||2px|10px||\u00bb z_index_tablet=\u00bb500&#8243; border_radii=\u00bbon|20px|20px|20px|20px\u00bb]<\/p>\n<h3>Etiquetas<\/h3>\n<p>[\/et_pb_text][et_pb_sidebar area=\u00bbet_pb_widget_area_2&#8243; show_border=\u00bboff\u00bb _builder_version=\u00bb3.22.7&#8243; custom_margin=\u00bb||35px|||\u00bb][\/et_pb_sidebar][\/et_pb_column][et_pb_column type=\u00bb1_2&#8243; _builder_version=\u00bb3.25&#8243; custom_padding=\u00bb|||\u00bb custom_padding__hover=\u00bb|||\u00bb][et_pb_text _builder_version=\u00bb3.27.4&#8243; z_index_tablet=\u00bb500&#8243;]<\/p>\n<h3>Ficha t\u00e9cnica de Moqueta Ferial<\/h3>\n<p>[\/et_pb_text][et_pb_text _builder_version=\u00bb3.27.4&#8243; z_index_tablet=\u00bb500&#8243;]Nuestra moqueta ferial est\u00e1 fabricada con los mejores materiales del mercado, compuesta por tejido punzonado y prensado de alta densidad:<\/p>\n<p>\u00b7 Dimensiones de los Rollos:  2,02 x 60 metros (120 metros cuadrados).<br \/>\n\u00b7 Gramaje de Moqueta:  300 gramos\/m2.<br \/>\n\u00b7 Altura de Moqueta:  + -3 mil\u00edmetros.<br \/>\n\u00b7 Composici\u00f3n:  100 % Polipropileno.<br \/>\n\u00b7 Certificado Ign\u00edfugo:  Certificado Oficial Bfl-S1.<br \/>\n[\/et_pb_text][et_pb_image src=\u00bbhttps:\/\/www.eurocarpet.eu\/shop\/wp-content\/uploads\/2019\/11\/clasificacion-ignifuga.png\u00bb align_tablet=\u00bbcenter\u00bb align_phone=\u00bb\u00bb align_last_edited=\u00bbon|desktop\u00bb _builder_version=\u00bb3.23&#8243; z_index_tablet=\u00bb500&#8243;][\/et_pb_image][\/et_pb_column][et_pb_column type=\u00bb1_4&#8243; _builder_version=\u00bb3.25&#8243; custom_padding=\u00bb|||\u00bb custom_padding__hover=\u00bb|||\u00bb][et_pb_text _builder_version=\u00bb3.27.4&#8243; text_font=\u00bb||||||||\u00bb header_font=\u00bb||||||||\u00bb header_3_font=\u00bb||||||||\u00bb header_3_text_color=\u00bb#ffffff\u00bb header_3_font_size=\u00bb18px\u00bb background_color=\u00bb#9f241d\u00bb background_image=\u00bbhttps:\/\/www.eurocarpet.eu\/shop\/wp-content\/uploads\/2019\/11\/bg_footer.jpg\u00bb background_size=\u00bbinitial\u00bb background_repeat=\u00bbrepeat\u00bb custom_margin=\u00bb||20px|||\u00bb custom_padding=\u00bb10px||2px|10px||\u00bb z_index_tablet=\u00bb500&#8243; border_radii=\u00bbon|20px|20px|20px|20px\u00bb]<\/p>\n<h3>Call center Madrid<\/h3>\n<p>[\/et_pb_text][et_pb_blurb title=\u00bbchat online\u00bb use_icon=\u00bbon\u00bb font_icon=\u00bb%%259%%\u00bb icon_placement=\u00bbleft\u00bb _builder_version=\u00bb3.22.7&#8243; custom_margin=\u00bb||20px|||\u00bb animation=\u00bboff\u00bb]<\/p>\n<p>Cont\u00e1ctanos<\/p>\n<p>[\/et_pb_blurb][et_pb_blurb title=\u00bbCorreo electr\u00f3nico\u00bb use_icon=\u00bbon\u00bb font_icon=\u00bb%%238%%\u00bb icon_placement=\u00bbleft\u00bb _builder_version=\u00bb4.0.6&#8243; custom_padding=\u00bb||35px|||\u00bb animation=\u00bboff\u00bb z_index_tablet=\u00bb500&#8243; hover_enabled=\u00bb0&#8243; header_text_shadow_horizontal_length_tablet=\u00bb0px\u00bb header_text_shadow_vertical_length_tablet=\u00bb0px\u00bb header_text_shadow_blur_strength_tablet=\u00bb1px\u00bb body_text_shadow_horizontal_length_tablet=\u00bb0px\u00bb body_text_shadow_vertical_length_tablet=\u00bb0px\u00bb body_text_shadow_blur_strength_tablet=\u00bb1px\u00bb body_link_text_shadow_horizontal_length_tablet=\u00bb0px\u00bb body_link_text_shadow_vertical_length_tablet=\u00bb0px\u00bb body_link_text_shadow_blur_strength_tablet=\u00bb1px\u00bb body_ul_text_shadow_horizontal_length_tablet=\u00bb0px\u00bb body_ul_text_shadow_vertical_length_tablet=\u00bb0px\u00bb body_ul_text_shadow_blur_strength_tablet=\u00bb1px\u00bb body_ol_text_shadow_horizontal_length_tablet=\u00bb0px\u00bb body_ol_text_shadow_vertical_length_tablet=\u00bb0px\u00bb body_ol_text_shadow_blur_strength_tablet=\u00bb1px\u00bb body_quote_text_shadow_horizontal_length_tablet=\u00bb0px\u00bb body_quote_text_shadow_vertical_length_tablet=\u00bb0px\u00bb body_quote_text_shadow_blur_strength_tablet=\u00bb1px\u00bb box_shadow_horizontal_tablet=\u00bb0px\u00bb box_shadow_vertical_tablet=\u00bb0px\u00bb box_shadow_blur_tablet=\u00bb40px\u00bb box_shadow_spread_tablet=\u00bb0px\u00bb box_shadow_horizontal_image_tablet=\u00bb0px\u00bb box_shadow_vertical_image_tablet=\u00bb0px\u00bb box_shadow_blur_image_tablet=\u00bb40px\u00bb box_shadow_spread_image_tablet=\u00bb0px\u00bb text_shadow_horizontal_length_tablet=\u00bb0px\u00bb text_shadow_vertical_length_tablet=\u00bb0px\u00bb text_shadow_blur_strength_tablet=\u00bb1px\u00bb global_module=\u00bb471&#8243; saved_tabs=\u00bball\u00bb]<\/p>\n<p><a href=\"mailto:info@eurocarpet.eu\" style=\"color: #666;\">info@eurocarpet.eu<\/a><\/p>\n<p>[\/et_pb_blurb][et_pb_text _builder_version=\u00bb3.27.4&#8243; text_font=\u00bb||||||||\u00bb header_font=\u00bb||||||||\u00bb header_3_font=\u00bb||||||||\u00bb header_3_text_color=\u00bb#ffffff\u00bb header_3_font_size=\u00bb18px\u00bb background_color=\u00bb#9f241d\u00bb background_image=\u00bbhttps:\/\/www.eurocarpet.eu\/shop\/wp-content\/uploads\/2019\/11\/bg_footer.jpg\u00bb background_size=\u00bbinitial\u00bb background_repeat=\u00bbrepeat\u00bb custom_margin=\u00bb||20px|||\u00bb custom_padding=\u00bb10px||2px|10px||\u00bb z_index_tablet=\u00bb500&#8243; border_radii=\u00bbon|20px|20px|20px|20px\u00bb]<\/p>\n<h3>Contacte con nosotros<\/h3>\n<p>[\/et_pb_text][et_pb_blurb title=\u00bbP\u00f3ngase en contacto\u00bb use_icon=\u00bbon\u00bb font_icon=\u00bb%%264%%\u00bb icon_placement=\u00bbleft\u00bb _builder_version=\u00bb3.22.7&#8243; custom_padding=\u00bb||35px|||\u00bb animation=\u00bboff\u00bb]<\/p>\n<p>Horario atenci\u00f3n clientes: 9:00 &#8211; 14:00h y 16:00 &#8211; 19:00h<\/p>\n<p>[\/et_pb_blurb][et_pb_image src=\u00bbhttps:\/\/www.eurocarpet.eu\/shop\/wp-content\/uploads\/2019\/11\/iconos-pagos.png\u00bb align=\u00bbcenter\u00bb align_tablet=\u00bbcenter\u00bb align_phone=\u00bb\u00bb align_last_edited=\u00bbon|desktop\u00bb _builder_version=\u00bb3.23&#8243;][\/et_pb_image][\/et_pb_column][\/et_pb_row][\/et_pb_section]<\/p>\n","protected":false},"excerpt":{"rendered":"<p>EntrarContactoCarritoIdiomaCategor\u00edas Moqueta Ferial Roja Moqueta para Eventos Moqueta para Bodas M\u00e1s vistos Etiquetas Ficha t\u00e9cnica de Moqueta Ferial Nuestra moqueta ferial est\u00e1 fabricada con los mejores materiales del mercado, compuesta por tejido punzonado y prensado de alta densidad: \u00b7 Dimensiones de los Rollos: 2,02 x 60 metros (120 metros cuadrados). \u00b7 Gramaje de Moqueta: 300 [&hellip;]<\/p>\n","protected":false},"author":1,"featured_media":0,"parent":0,"menu_order":0,"comment_status":"closed","ping_status":"closed","template":"","meta":{"_et_pb_use_builder":"on","_et_pb_old_content":"Nuestra moqueta ferial est\u00e1 fabricada con los mejores materiales del mercado, compuesta por tejido punzonado y prensado de alta densidad:\r\n\r\n\u00b7 Dimensiones de los Rollos: 2,02 x 60 metros (120 metros cuadrados).\r\n\u00b7 Gramaje de Moqueta: 300 gramos\/m2.\r\n\u00b7 Altura de Moqueta: + -3 mil\u00edmetros.\r\n\u00b7 Composici\u00f3n: 100 % Polipropileno.\r\n\u00b7 Certificado Ign\u00edfugo: Certificado Oficial Bfl-S1.\r\n\r\n<img src=\"https:\/\/www.eurocarpet.eu\/shop\/wp-content\/uploads\/2019\/11\/clasificacion-ignifuga.png\" alt=\"Moquetas feriales ign\u00edfugas\" width=\"60%\" \/>","_et_gb_content_width":""},"_links":{"self":[{"href":"https:\/\/www.eurocarpet.eu\/shop\/wp-json\/wp\/v2\/pages\/110"}],"collection":[{"href":"https:\/\/www.eurocarpet.eu\/shop\/wp-json\/wp\/v2\/pages"}],"about":[{"href":"https:\/\/www.eurocarpet.eu\/shop\/wp-json\/wp\/v2\/types\/page"}],"author":[{"embeddable":true,"href":"https:\/\/www.eurocarpet.eu\/shop\/wp-json\/wp\/v2\/users\/1"}],"replies":[{"embeddable":true,"href":"https:\/\/www.eurocarpet.eu\/shop\/wp-json\/wp\/v2\/comments?post=110"}],"version-history":[{"count":5,"href":"https:\/\/www.eurocarpet.eu\/shop\/wp-json\/wp\/v2\/pages\/110\/revisions"}],"predecessor-version":[{"id":478,"href":"https:\/\/www.eurocarpet.eu\/shop\/wp-json\/wp\/v2\/pages\/110\/revisions\/478"}],"wp:attachment":[{"href":"https:\/\/www.eurocarpet.eu\/shop\/wp-json\/wp\/v2\/media?parent=110"}],"curies":[{"name":"wp","href":"https:\/\/api.w.org\/{rel}","templated":true}]}}