{"id":272,"date":"2019-11-12T11:10:44","date_gmt":"2019-11-12T10:10:44","guid":{"rendered":"http:\/\/s11mailingclick.com\/eupet\/fr-prueba\/?post_type=product&#038;p=272"},"modified":"2022-05-19T14:28:22","modified_gmt":"2022-05-19T12:28:22","slug":"moquette-eau-de-mer","status":"publish","type":"product","link":"https:\/\/www.eurocarpet.eu\/shop\/fr\/produit\/moquette-pour-foires\/moquette-eau-de-mer\/","title":{"rendered":"Rouleau moquette couleur Eau de mer"},"content":{"rendered":"<p>Rouleau Moquette Foire Eau de mer. Moquette indiqu\u00e9e pour les \u00e9v\u00e9nements, expositions et inaugurations. Pr\u00e9sent\u00e9 en format de 2 x 60 m\u00e8tres (120m2).<\/p>\n","protected":false},"excerpt":{"rendered":"<p>Rouleau Moquette Foire Eau de mer.<br \/>\nMoquette indiqu\u00e9e pour les \u00e9v\u00e9nements, expositions et inaugurations.<br \/>\nPr\u00e9sent\u00e9 en format de 2 x 60 m\u00e8tres (120m2).<\/p>\n","protected":false},"featured_media":352,"template":"","meta":{"_et_pb_use_builder":"off","_et_pb_old_content":"Rollo de moqueta ferial Agua Marina. Moqueta indicada en eventos, exposiciones e inauguraciones. Presentado en formato de 2 x 60 metros (120m2).","_et_gb_content_width":""},"product_cat":[18,32],"product_tag":[101,102,103,104,106,105],"_links":{"self":[{"href":"https:\/\/www.eurocarpet.eu\/shop\/fr\/wp-json\/wp\/v2\/product\/272"}],"collection":[{"href":"https:\/\/www.eurocarpet.eu\/shop\/fr\/wp-json\/wp\/v2\/product"}],"about":[{"href":"https:\/\/www.eurocarpet.eu\/shop\/fr\/wp-json\/wp\/v2\/types\/product"}],"wp:featuredmedia":[{"embeddable":true,"href":"https:\/\/www.eurocarpet.eu\/shop\/fr\/wp-json\/wp\/v2\/media\/352"}],"wp:attachment":[{"href":"https:\/\/www.eurocarpet.eu\/shop\/fr\/wp-json\/wp\/v2\/media?parent=272"}],"wp:term":[{"taxonomy":"product_cat","embeddable":true,"href":"https:\/\/www.eurocarpet.eu\/shop\/fr\/wp-json\/wp\/v2\/product_cat?post=272"},{"taxonomy":"product_tag","embeddable":true,"href":"https:\/\/www.eurocarpet.eu\/shop\/fr\/wp-json\/wp\/v2\/product_tag?post=272"}],"curies":[{"name":"wp","href":"https:\/\/api.w.org\/{rel}","templated":true}]}}