{"id":262,"date":"2019-11-12T10:06:00","date_gmt":"2019-11-12T09:06:00","guid":{"rendered":"http:\/\/s11mailingclick.com\/eupet\/fr-prueba\/?post_type=product&#038;p=262"},"modified":"2022-05-19T14:28:24","modified_gmt":"2022-05-19T12:28:24","slug":"moquette-bleu-jaspe","status":"publish","type":"product","link":"https:\/\/www.eurocarpet.eu\/shop\/fr\/produit\/moquette-pour-foires\/moquette-bleu-jaspe\/","title":{"rendered":"Rouleau moqueta color Bleu Jaspe"},"content":{"rendered":"<p>Rouleau Moquette Foire Bleu Jaspe. Rouleau de moquette foire en couleur Bleu Jaspe. Moquette indiqu\u00e9e pour un usage dans les \u00e9v\u00e9nements, expositions et inaugurations. Pr\u00e9sent\u00e9 en format de 2 x 60 m\u00e8tres (120m2).<\/p>\n","protected":false},"excerpt":{"rendered":"<p>Rouleau Moquette Foire Bleu Jaspe.<br \/>\nRouleau de moquette foire en couleur Bleu Jaspe. Moquette indiqu\u00e9e pour un usage dans les \u00e9v\u00e9nements, expositions et inaugurations.<br \/>\nPr\u00e9sent\u00e9 en format de 2 x 60 m\u00e8tres (120m2).<\/p>\n","protected":false},"featured_media":360,"template":"","meta":{"_et_pb_use_builder":"off","_et_pb_old_content":"Moqueta ferial para eventos en color Rojo Merlot. Indicada para eventos, presentaciones, celebraciones e inauguraciones con un corte elegante y distinguido. Presentada en formato de 2 x 60 metros (120m2).","_et_gb_content_width":""},"product_cat":[18,32],"product_tag":[117,115,102,116,104,105],"_links":{"self":[{"href":"https:\/\/www.eurocarpet.eu\/shop\/fr\/wp-json\/wp\/v2\/product\/262"}],"collection":[{"href":"https:\/\/www.eurocarpet.eu\/shop\/fr\/wp-json\/wp\/v2\/product"}],"about":[{"href":"https:\/\/www.eurocarpet.eu\/shop\/fr\/wp-json\/wp\/v2\/types\/product"}],"wp:featuredmedia":[{"embeddable":true,"href":"https:\/\/www.eurocarpet.eu\/shop\/fr\/wp-json\/wp\/v2\/media\/360"}],"wp:attachment":[{"href":"https:\/\/www.eurocarpet.eu\/shop\/fr\/wp-json\/wp\/v2\/media?parent=262"}],"wp:term":[{"taxonomy":"product_cat","embeddable":true,"href":"https:\/\/www.eurocarpet.eu\/shop\/fr\/wp-json\/wp\/v2\/product_cat?post=262"},{"taxonomy":"product_tag","embeddable":true,"href":"https:\/\/www.eurocarpet.eu\/shop\/fr\/wp-json\/wp\/v2\/product_tag?post=262"}],"curies":[{"name":"wp","href":"https:\/\/api.w.org\/{rel}","templated":true}]}}