{"id":254,"date":"2019-11-12T10:00:48","date_gmt":"2019-11-12T09:00:48","guid":{"rendered":"http:\/\/s11mailingclick.com\/eupet\/fr-prueba\/?post_type=product&#038;p=254"},"modified":"2022-05-19T14:28:26","modified_gmt":"2022-05-19T12:28:26","slug":"moquette-grise-cognac","status":"publish","type":"product","link":"https:\/\/www.eurocarpet.eu\/shop\/fr\/produit\/moquette-pour-foires\/moquette-grise-cognac\/","title":{"rendered":"Rouleau moquette couleur Grise Cognac"},"content":{"rendered":"<p>Rouleau Moquette Foire Cognac. Rouleau de moquette foire en couleur Cognac. Pr\u00e9sent\u00e9 en format de 2 x 60 m\u00e8tres (120m2). Id\u00e9al pour un usage dans les \u00e9v\u00e9nements et c\u00e9l\u00e9brations d&rsquo;entreprises.<\/p>\n","protected":false},"excerpt":{"rendered":"<p>Rouleau Moquette Foire Cognac.<br \/>\nRouleau de moquette foire en couleur Cognac. Pr\u00e9sent\u00e9 en format de 2 x 60 m\u00e8tres (120m2).<br \/>\nId\u00e9al pour un usage dans les \u00e9v\u00e9nements et c\u00e9l\u00e9brations d&rsquo;entreprises.<\/p>\n","protected":false},"featured_media":369,"template":"","meta":{"_et_pb_use_builder":"off","_et_pb_old_content":"Moqueta ferial para eventos en color Rojo Merlot. Indicada para eventos, presentaciones, celebraciones e inauguraciones con un corte elegante y distinguido. Presentada en formato de 2 x 60 metros (120m2).","_et_gb_content_width":""},"product_cat":[18,32],"product_tag":[137,102,136,138,104,105],"_links":{"self":[{"href":"https:\/\/www.eurocarpet.eu\/shop\/fr\/wp-json\/wp\/v2\/product\/254"}],"collection":[{"href":"https:\/\/www.eurocarpet.eu\/shop\/fr\/wp-json\/wp\/v2\/product"}],"about":[{"href":"https:\/\/www.eurocarpet.eu\/shop\/fr\/wp-json\/wp\/v2\/types\/product"}],"wp:featuredmedia":[{"embeddable":true,"href":"https:\/\/www.eurocarpet.eu\/shop\/fr\/wp-json\/wp\/v2\/media\/369"}],"wp:attachment":[{"href":"https:\/\/www.eurocarpet.eu\/shop\/fr\/wp-json\/wp\/v2\/media?parent=254"}],"wp:term":[{"taxonomy":"product_cat","embeddable":true,"href":"https:\/\/www.eurocarpet.eu\/shop\/fr\/wp-json\/wp\/v2\/product_cat?post=254"},{"taxonomy":"product_tag","embeddable":true,"href":"https:\/\/www.eurocarpet.eu\/shop\/fr\/wp-json\/wp\/v2\/product_tag?post=254"}],"curies":[{"name":"wp","href":"https:\/\/api.w.org\/{rel}","templated":true}]}}