{"id":252,"date":"2019-11-12T09:59:21","date_gmt":"2019-11-12T08:59:21","guid":{"rendered":"http:\/\/s11mailingclick.com\/eupet\/fr-prueba\/?post_type=product&#038;p=252"},"modified":"2022-05-19T14:28:27","modified_gmt":"2022-05-19T12:28:27","slug":"moquette-grise-chennel","status":"publish","type":"product","link":"https:\/\/www.eurocarpet.eu\/shop\/fr\/produit\/moquette-pour-foires\/moquette-grise-chennel\/","title":{"rendered":"Rouleau moquette couleur Grise Chennel"},"content":{"rendered":"<p>Rouleau Moquette Foire Gris Chennel. Rouleau de moquette foire en couleur Gris Chennel. Sp\u00e9cialement indiqu\u00e9 pour un usage dans les \u00e9v\u00e9nements et inaugurations d&rsquo;entreprises. Pr\u00e9sent\u00e9 en format de 2 x 60 m\u00e8tres (120m2).<\/p>\n","protected":false},"excerpt":{"rendered":"<p>Rouleau Moquette Foire Gris Chennel.<br \/>\nRouleau de moquette foire en couleur Gris Chennel. Sp\u00e9cialement indiqu\u00e9 pour un usage dans les \u00e9v\u00e9nements et inaugurations d&rsquo;entreprises.<br \/>\nPr\u00e9sent\u00e9 en format de 2 x 60 m\u00e8tres (120m2).<\/p>\n","protected":false},"featured_media":370,"template":"","meta":{"_et_pb_use_builder":"off","_et_pb_old_content":"Moqueta ferial para eventos en color Rojo Merlot. Indicada para eventos, presentaciones, celebraciones e inauguraciones con un corte elegante y distinguido. Presentada en formato de 2 x 60 metros (120m2).","_et_gb_content_width":""},"product_cat":[18,32],"product_tag":[140,102,139,141,104,105],"_links":{"self":[{"href":"https:\/\/www.eurocarpet.eu\/shop\/fr\/wp-json\/wp\/v2\/product\/252"}],"collection":[{"href":"https:\/\/www.eurocarpet.eu\/shop\/fr\/wp-json\/wp\/v2\/product"}],"about":[{"href":"https:\/\/www.eurocarpet.eu\/shop\/fr\/wp-json\/wp\/v2\/types\/product"}],"wp:featuredmedia":[{"embeddable":true,"href":"https:\/\/www.eurocarpet.eu\/shop\/fr\/wp-json\/wp\/v2\/media\/370"}],"wp:attachment":[{"href":"https:\/\/www.eurocarpet.eu\/shop\/fr\/wp-json\/wp\/v2\/media?parent=252"}],"wp:term":[{"taxonomy":"product_cat","embeddable":true,"href":"https:\/\/www.eurocarpet.eu\/shop\/fr\/wp-json\/wp\/v2\/product_cat?post=252"},{"taxonomy":"product_tag","embeddable":true,"href":"https:\/\/www.eurocarpet.eu\/shop\/fr\/wp-json\/wp\/v2\/product_tag?post=252"}],"curies":[{"name":"wp","href":"https:\/\/api.w.org\/{rel}","templated":true}]}}