{"id":248,"date":"2019-11-12T09:52:38","date_gmt":"2019-11-12T08:52:38","guid":{"rendered":"http:\/\/s11mailingclick.com\/eupet\/fr-prueba\/?post_type=product&#038;p=248"},"modified":"2022-05-19T14:28:29","modified_gmt":"2022-05-19T12:28:29","slug":"moquette-grise-perle","status":"publish","type":"product","link":"https:\/\/www.eurocarpet.eu\/shop\/fr\/produit\/moquette-pour-foires\/moquette-grise-perle\/","title":{"rendered":"Rouleau moquette couleur Grise Perle"},"content":{"rendered":"<p>Rouleau Moquette Foire Gris Perle. Rouleau de moquette foire en couleur gris perle. Sp\u00e9cialement indiqu\u00e9 pour c\u00e9l\u00e9brations, \u00e9v\u00e9nements, inaugurations et n&rsquo;importe quel type d&rsquo;\u00e9v\u00e9nement distingu\u00e9.<\/p>\n","protected":false},"excerpt":{"rendered":"<p>Rouleau Moquette Foire Gris Perle.<br \/>\nRouleau de moquette foire en couleur gris perle.<br \/>\nSp\u00e9cialement indiqu\u00e9 pour c\u00e9l\u00e9brations, \u00e9v\u00e9nements, inaugurations et n&rsquo;importe quel type d&rsquo;\u00e9v\u00e9nement distingu\u00e9.<\/p>\n","protected":false},"featured_media":373,"template":"","meta":{"_et_pb_use_builder":"off","_et_pb_old_content":"Moqueta ferial para eventos en color Rojo Merlot. Indicada para eventos, presentaciones, celebraciones e inauguraciones con un corte elegante y distinguido. Presentada en formato de 2 x 60 metros (120m2).","_et_gb_content_width":""},"product_cat":[18,32],"product_tag":[145,102,146,147,104,105],"_links":{"self":[{"href":"https:\/\/www.eurocarpet.eu\/shop\/fr\/wp-json\/wp\/v2\/product\/248"}],"collection":[{"href":"https:\/\/www.eurocarpet.eu\/shop\/fr\/wp-json\/wp\/v2\/product"}],"about":[{"href":"https:\/\/www.eurocarpet.eu\/shop\/fr\/wp-json\/wp\/v2\/types\/product"}],"wp:featuredmedia":[{"embeddable":true,"href":"https:\/\/www.eurocarpet.eu\/shop\/fr\/wp-json\/wp\/v2\/media\/373"}],"wp:attachment":[{"href":"https:\/\/www.eurocarpet.eu\/shop\/fr\/wp-json\/wp\/v2\/media?parent=248"}],"wp:term":[{"taxonomy":"product_cat","embeddable":true,"href":"https:\/\/www.eurocarpet.eu\/shop\/fr\/wp-json\/wp\/v2\/product_cat?post=248"},{"taxonomy":"product_tag","embeddable":true,"href":"https:\/\/www.eurocarpet.eu\/shop\/fr\/wp-json\/wp\/v2\/product_tag?post=248"}],"curies":[{"name":"wp","href":"https:\/\/api.w.org\/{rel}","templated":true}]}}