{"id":240,"date":"2019-11-12T09:42:50","date_gmt":"2019-11-12T08:42:50","guid":{"rendered":"http:\/\/s11mailingclick.com\/eupet\/fr-prueba\/?post_type=product&#038;p=240"},"modified":"2022-05-19T14:28:31","modified_gmt":"2022-05-19T12:28:31","slug":"moquette-or","status":"publish","type":"product","link":"https:\/\/www.eurocarpet.eu\/shop\/fr\/produit\/moquette-pour-foires\/moquette-or\/","title":{"rendered":"Rouleau moquette couleur Or"},"content":{"rendered":"<p>Rouleau Moquette Foire Or. Rouleau de moquette foire pour des \u00e9v\u00e9nements en couleur Or. \u00c9l\u00e9gante couleur indiqu\u00e9e pour des \u00e9v\u00e9nements distingu\u00e9s, inaugurations, c\u00e9l\u00e9brations d&rsquo;entreprises et n&rsquo;importe quel type d\u2019\u00e9v\u00e9nement pour lequel on a besoin d&rsquo;une touche d\u2019\u00e9l\u00e9gance et distinction. Pr\u00e9sent\u00e9 en format de 2 x 60m (120m2).<\/p>\n","protected":false},"excerpt":{"rendered":"<p>Rouleau Moquette Foire Or.<br \/>\nRouleau de moquette foire pour des \u00e9v\u00e9nements en couleur Or. \u00c9l\u00e9gante couleur indiqu\u00e9e pour des \u00e9v\u00e9nements distingu\u00e9s, inaugurations, c\u00e9l\u00e9brations d&rsquo;entreprises et n&rsquo;importe quel type d\u2019\u00e9v\u00e9nement pour lequel on a besoin d&rsquo;une touche d\u2019\u00e9l\u00e9gance et distinction.<br \/>\nPr\u00e9sent\u00e9 en format de 2 x 60m (120m2).<\/p>\n","protected":false},"featured_media":381,"template":"","meta":{"_et_pb_use_builder":"off","_et_pb_old_content":"Moqueta ferial para eventos en color Rojo Merlot. Indicada para eventos, presentaciones, celebraciones e inauguraciones con un corte elegante y distinguido. Presentada en formato de 2 x 60 metros (120m2).","_et_gb_content_width":""},"product_cat":[18,32],"product_tag":[157,102,158,159,104,105],"_links":{"self":[{"href":"https:\/\/www.eurocarpet.eu\/shop\/fr\/wp-json\/wp\/v2\/product\/240"}],"collection":[{"href":"https:\/\/www.eurocarpet.eu\/shop\/fr\/wp-json\/wp\/v2\/product"}],"about":[{"href":"https:\/\/www.eurocarpet.eu\/shop\/fr\/wp-json\/wp\/v2\/types\/product"}],"wp:featuredmedia":[{"embeddable":true,"href":"https:\/\/www.eurocarpet.eu\/shop\/fr\/wp-json\/wp\/v2\/media\/381"}],"wp:attachment":[{"href":"https:\/\/www.eurocarpet.eu\/shop\/fr\/wp-json\/wp\/v2\/media?parent=240"}],"wp:term":[{"taxonomy":"product_cat","embeddable":true,"href":"https:\/\/www.eurocarpet.eu\/shop\/fr\/wp-json\/wp\/v2\/product_cat?post=240"},{"taxonomy":"product_tag","embeddable":true,"href":"https:\/\/www.eurocarpet.eu\/shop\/fr\/wp-json\/wp\/v2\/product_tag?post=240"}],"curies":[{"name":"wp","href":"https:\/\/api.w.org\/{rel}","templated":true}]}}