{"id":238,"date":"2019-11-12T09:41:29","date_gmt":"2019-11-12T08:41:29","guid":{"rendered":"http:\/\/s11mailingclick.com\/eupet\/fr-prueba\/?post_type=product&#038;p=238"},"modified":"2022-05-19T14:28:32","modified_gmt":"2022-05-19T12:28:32","slug":"moquette-sahara","status":"publish","type":"product","link":"https:\/\/www.eurocarpet.eu\/shop\/fr\/produit\/moquette-pour-foires\/moquette-sahara\/","title":{"rendered":"Rouleau moquette couleur Sahara"},"content":{"rendered":"<p>Rouleau Moquette Foire Sahara. Rouleau de moquette foire en couleur Sahara. Cr\u00e9\u00e9 pour \u00eatre utilis\u00e9 dans les \u00e9v\u00e9nements, pr\u00e9sentations et inaugurations. \u00c9l\u00e9gante couleur pour une moquette present\u00e9 en format de 2 x 60 m\u00e8tres (120m2).<\/p>\n","protected":false},"excerpt":{"rendered":"<p>Rouleau Moquette Foire Sahara.<br \/>\nRouleau de moquette foire en couleur Sahara. Cr\u00e9\u00e9 pour \u00eatre utilis\u00e9 dans les \u00e9v\u00e9nements, pr\u00e9sentations et inaugurations.<br \/>\n\u00c9l\u00e9gante couleur pour une moquette present\u00e9 en format de 2 x 60 m\u00e8tres (120m2).<\/p>\n","protected":false},"featured_media":382,"template":"","meta":{"_et_pb_use_builder":"off","_et_pb_old_content":"Moqueta ferial para eventos en color Rojo Merlot. Indicada para eventos, presentaciones, celebraciones e inauguraciones con un corte elegante y distinguido. Presentada en formato de 2 x 60 metros (120m2).","_et_gb_content_width":""},"product_cat":[18,32],"product_tag":[160,102,162,104,161,105],"_links":{"self":[{"href":"https:\/\/www.eurocarpet.eu\/shop\/fr\/wp-json\/wp\/v2\/product\/238"}],"collection":[{"href":"https:\/\/www.eurocarpet.eu\/shop\/fr\/wp-json\/wp\/v2\/product"}],"about":[{"href":"https:\/\/www.eurocarpet.eu\/shop\/fr\/wp-json\/wp\/v2\/types\/product"}],"wp:featuredmedia":[{"embeddable":true,"href":"https:\/\/www.eurocarpet.eu\/shop\/fr\/wp-json\/wp\/v2\/media\/382"}],"wp:attachment":[{"href":"https:\/\/www.eurocarpet.eu\/shop\/fr\/wp-json\/wp\/v2\/media?parent=238"}],"wp:term":[{"taxonomy":"product_cat","embeddable":true,"href":"https:\/\/www.eurocarpet.eu\/shop\/fr\/wp-json\/wp\/v2\/product_cat?post=238"},{"taxonomy":"product_tag","embeddable":true,"href":"https:\/\/www.eurocarpet.eu\/shop\/fr\/wp-json\/wp\/v2\/product_tag?post=238"}],"curies":[{"name":"wp","href":"https:\/\/api.w.org\/{rel}","templated":true}]}}