{"id":234,"date":"2019-11-12T09:38:29","date_gmt":"2019-11-12T08:38:29","guid":{"rendered":"http:\/\/s11mailingclick.com\/eupet\/fr-prueba\/?post_type=product&#038;p=234"},"modified":"2022-05-19T14:28:33","modified_gmt":"2022-05-19T12:28:33","slug":"moquette-vert-abeto","status":"publish","type":"product","link":"https:\/\/www.eurocarpet.eu\/shop\/fr\/produit\/moquette-pour-foires\/moquette-vert-abeto\/","title":{"rendered":"Rouleau de moquette couleur Vert Sapin"},"content":{"rendered":"<p>Rouleau Moquette Foire Verde Sapin. Rouleau de moquette pour foire en couleur vert sapin. Pr\u00e9sent\u00e9 en format de 2 x 60 m\u00e8tres (120m2), id\u00e9al pour un usage pour les \u00e9v\u00e9nements, inaugurations et pr\u00e9sentations d&rsquo;entreprises.<\/p>\n","protected":false},"excerpt":{"rendered":"<p>Rouleau Moquette Foire Verde Sapin.<br \/>\nRouleau de moquette pour foire en couleur vert sapin.<br \/>\nPr\u00e9sent\u00e9 en format de 2 x 60 m\u00e8tres (120m2), id\u00e9al pour un usage pour les \u00e9v\u00e9nements, inaugurations et pr\u00e9sentations d&rsquo;entreprises.<\/p>\n","protected":false},"featured_media":383,"template":"","meta":{"_et_pb_use_builder":"off","_et_pb_old_content":"Moqueta ferial para eventos en color Rojo Merlot. Indicada para eventos, presentaciones, celebraciones e inauguraciones con un corte elegante y distinguido. Presentada en formato de 2 x 60 metros (120m2).","_et_gb_content_width":""},"product_cat":[18,32],"product_tag":[166,102,168,104,167,105],"_links":{"self":[{"href":"https:\/\/www.eurocarpet.eu\/shop\/fr\/wp-json\/wp\/v2\/product\/234"}],"collection":[{"href":"https:\/\/www.eurocarpet.eu\/shop\/fr\/wp-json\/wp\/v2\/product"}],"about":[{"href":"https:\/\/www.eurocarpet.eu\/shop\/fr\/wp-json\/wp\/v2\/types\/product"}],"wp:featuredmedia":[{"embeddable":true,"href":"https:\/\/www.eurocarpet.eu\/shop\/fr\/wp-json\/wp\/v2\/media\/383"}],"wp:attachment":[{"href":"https:\/\/www.eurocarpet.eu\/shop\/fr\/wp-json\/wp\/v2\/media?parent=234"}],"wp:term":[{"taxonomy":"product_cat","embeddable":true,"href":"https:\/\/www.eurocarpet.eu\/shop\/fr\/wp-json\/wp\/v2\/product_cat?post=234"},{"taxonomy":"product_tag","embeddable":true,"href":"https:\/\/www.eurocarpet.eu\/shop\/fr\/wp-json\/wp\/v2\/product_tag?post=234"}],"curies":[{"name":"wp","href":"https:\/\/api.w.org\/{rel}","templated":true}]}}