{"id":232,"date":"2019-11-12T09:36:49","date_gmt":"2019-11-12T08:36:49","guid":{"rendered":"http:\/\/s11mailingclick.com\/eupet\/fr-prueba\/?post_type=product&#038;p=232"},"modified":"2022-05-19T14:28:34","modified_gmt":"2022-05-19T12:28:34","slug":"moquette-vert-green","status":"publish","type":"product","link":"https:\/\/www.eurocarpet.eu\/shop\/fr\/produit\/moquette-pour-foires\/moquette-vert-green\/","title":{"rendered":"Rouleau de moquette couleur Vert Green"},"content":{"rendered":"<p>Rouleau Moquette Foire Vert Green. Rouleau de moquette foire pour des \u00e9v\u00e9nements en couleur vert green. Sp\u00e9cialement indiqu\u00e9 pour un usage dans les \u00e9v\u00e9nements ou inaugurations pour lesquels on a besoin d&rsquo;une moquette voyante et \u00e9l\u00e9gante, g\u00e9n\u00e9ralement associ\u00e9e \u00e0 des \u00e9v\u00e9nements concernant des sports ou nature. Pr\u00e9sent\u00e9 en format de 2 x 60 m\u00e8tres (120m2).<\/p>\n","protected":false},"excerpt":{"rendered":"<p>Rouleau Moquette Foire Vert Green.<br \/>\nRouleau de moquette foire pour des \u00e9v\u00e9nements en couleur vert green. Sp\u00e9cialement indiqu\u00e9 pour un usage dans les \u00e9v\u00e9nements ou inaugurations pour lesquels on a besoin d&rsquo;une moquette voyante et \u00e9l\u00e9gante, g\u00e9n\u00e9ralement associ\u00e9e \u00e0 des \u00e9v\u00e9nements concernant des sports ou nature.<br \/>\nPr\u00e9sent\u00e9 en format de 2 x 60 m\u00e8tres (120m2).<\/p>\n","protected":false},"featured_media":385,"template":"","meta":{"_et_pb_use_builder":"off","_et_pb_old_content":"Moqueta ferial para eventos en color Rojo Merlot. Indicada para eventos, presentaciones, celebraciones e inauguraciones con un corte elegante y distinguido. Presentada en formato de 2 x 60 metros (120m2).","_et_gb_content_width":""},"product_cat":[18,32],"product_tag":[169,102,171,104,170,105],"_links":{"self":[{"href":"https:\/\/www.eurocarpet.eu\/shop\/fr\/wp-json\/wp\/v2\/product\/232"}],"collection":[{"href":"https:\/\/www.eurocarpet.eu\/shop\/fr\/wp-json\/wp\/v2\/product"}],"about":[{"href":"https:\/\/www.eurocarpet.eu\/shop\/fr\/wp-json\/wp\/v2\/types\/product"}],"wp:featuredmedia":[{"embeddable":true,"href":"https:\/\/www.eurocarpet.eu\/shop\/fr\/wp-json\/wp\/v2\/media\/385"}],"wp:attachment":[{"href":"https:\/\/www.eurocarpet.eu\/shop\/fr\/wp-json\/wp\/v2\/media?parent=232"}],"wp:term":[{"taxonomy":"product_cat","embeddable":true,"href":"https:\/\/www.eurocarpet.eu\/shop\/fr\/wp-json\/wp\/v2\/product_cat?post=232"},{"taxonomy":"product_tag","embeddable":true,"href":"https:\/\/www.eurocarpet.eu\/shop\/fr\/wp-json\/wp\/v2\/product_tag?post=232"}],"curies":[{"name":"wp","href":"https:\/\/api.w.org\/{rel}","templated":true}]}}