{"id":230,"date":"2019-11-12T09:35:32","date_gmt":"2019-11-12T08:35:32","guid":{"rendered":"http:\/\/s11mailingclick.com\/eupet\/fr-prueba\/?post_type=product&#038;p=230"},"modified":"2022-05-19T14:28:34","modified_gmt":"2022-05-19T12:28:34","slug":"moquette-vert-moyen","status":"publish","type":"product","link":"https:\/\/www.eurocarpet.eu\/shop\/fr\/produit\/moquette-pour-foires\/moquette-vert-moyen\/","title":{"rendered":"Rouleau de moquette couleur Vert Moyen"},"content":{"rendered":"<p>Rouleau Moquette Foire Vert Moyen. Rouleau de moquette foire dans une \u00e9l\u00e9gante couleur vert moyen. Moquette sp\u00e9cialement cr\u00e9\u00e9e pour un usage \u00e9ph\u00e9m\u00e8re dans les inaugurations et \u00e9v\u00e9nements. Pr\u00e9sent\u00e9e en formats de 2 x 60 m\u00e8tres (120m2).<\/p>\n","protected":false},"excerpt":{"rendered":"<p>Rouleau Moquette Foire Vert Moyen.<br \/>\nRouleau de moquette foire dans une \u00e9l\u00e9gante couleur vert moyen. Moquette sp\u00e9cialement cr\u00e9\u00e9e pour un usage \u00e9ph\u00e9m\u00e8re dans les inaugurations et \u00e9v\u00e9nements.<br \/>\nPr\u00e9sent\u00e9e en formats de 2 x 60 m\u00e8tres (120m2).<\/p>\n","protected":false},"featured_media":386,"template":"","meta":{"_et_pb_use_builder":"off","_et_pb_old_content":"Moqueta ferial para eventos en color Rojo Merlot. Indicada para eventos, presentaciones, celebraciones e inauguraciones con un corte elegante y distinguido. Presentada en formato de 2 x 60 metros (120m2).","_et_gb_content_width":""},"product_cat":[18,32],"product_tag":[172,102,174,104,173,105],"_links":{"self":[{"href":"https:\/\/www.eurocarpet.eu\/shop\/fr\/wp-json\/wp\/v2\/product\/230"}],"collection":[{"href":"https:\/\/www.eurocarpet.eu\/shop\/fr\/wp-json\/wp\/v2\/product"}],"about":[{"href":"https:\/\/www.eurocarpet.eu\/shop\/fr\/wp-json\/wp\/v2\/types\/product"}],"wp:featuredmedia":[{"embeddable":true,"href":"https:\/\/www.eurocarpet.eu\/shop\/fr\/wp-json\/wp\/v2\/media\/386"}],"wp:attachment":[{"href":"https:\/\/www.eurocarpet.eu\/shop\/fr\/wp-json\/wp\/v2\/media?parent=230"}],"wp:term":[{"taxonomy":"product_cat","embeddable":true,"href":"https:\/\/www.eurocarpet.eu\/shop\/fr\/wp-json\/wp\/v2\/product_cat?post=230"},{"taxonomy":"product_tag","embeddable":true,"href":"https:\/\/www.eurocarpet.eu\/shop\/fr\/wp-json\/wp\/v2\/product_tag?post=230"}],"curies":[{"name":"wp","href":"https:\/\/api.w.org\/{rel}","templated":true}]}}