{"id":228,"date":"2019-11-12T09:28:04","date_gmt":"2019-11-12T08:28:04","guid":{"rendered":"http:\/\/s11mailingclick.com\/eupet\/fr-prueba\/?post_type=product&#038;p=228"},"modified":"2022-05-19T14:28:35","modified_gmt":"2022-05-19T12:28:35","slug":"moquette-vert-fonce","status":"publish","type":"product","link":"https:\/\/www.eurocarpet.eu\/shop\/fr\/produit\/moquette-pour-foires\/moquette-vert-fonce\/","title":{"rendered":"Rouleau de moquette couleur Vert Fonc\u00e9"},"content":{"rendered":"<p>Rouleau Moquette Foire Vert Fonc\u00e9. Rouleau de moquette pour foire en couleur vert fonc\u00e9, sp\u00e9cialement indiqu\u00e9 pour un usage en ext\u00e9rieurs vu que son \u00e9l\u00e9gante couleur offre une adaptation parfaite pour n&rsquo;importe quel type d&rsquo;environnement. Ils sont vendus en format de 2 x 60 m\u00e8tres (120m2).<\/p>\n","protected":false},"excerpt":{"rendered":"<p>Rouleau Moquette Foire Vert Fonc\u00e9.<br \/>\nRouleau de moquette pour foire en couleur vert fonc\u00e9, sp\u00e9cialement indiqu\u00e9 pour un usage en ext\u00e9rieurs vu que son \u00e9l\u00e9gante couleur offre une adaptation parfaite pour n&rsquo;importe quel type d&rsquo;environnement.<br \/>\nIls sont vendus en format de 2 x 60 m\u00e8tres (120m2).<\/p>\n","protected":false},"featured_media":387,"template":"","meta":{"_et_pb_use_builder":"off","_et_pb_old_content":"Moqueta ferial para eventos en color Rojo Merlot. Indicada para eventos, presentaciones, celebraciones e inauguraciones con un corte elegante y distinguido. Presentada en formato de 2 x 60 metros (120m2).","_et_gb_content_width":""},"product_cat":[18,32],"product_tag":[175,102,177,104,176,105],"_links":{"self":[{"href":"https:\/\/www.eurocarpet.eu\/shop\/fr\/wp-json\/wp\/v2\/product\/228"}],"collection":[{"href":"https:\/\/www.eurocarpet.eu\/shop\/fr\/wp-json\/wp\/v2\/product"}],"about":[{"href":"https:\/\/www.eurocarpet.eu\/shop\/fr\/wp-json\/wp\/v2\/types\/product"}],"wp:featuredmedia":[{"embeddable":true,"href":"https:\/\/www.eurocarpet.eu\/shop\/fr\/wp-json\/wp\/v2\/media\/387"}],"wp:attachment":[{"href":"https:\/\/www.eurocarpet.eu\/shop\/fr\/wp-json\/wp\/v2\/media?parent=228"}],"wp:term":[{"taxonomy":"product_cat","embeddable":true,"href":"https:\/\/www.eurocarpet.eu\/shop\/fr\/wp-json\/wp\/v2\/product_cat?post=228"},{"taxonomy":"product_tag","embeddable":true,"href":"https:\/\/www.eurocarpet.eu\/shop\/fr\/wp-json\/wp\/v2\/product_tag?post=228"}],"curies":[{"name":"wp","href":"https:\/\/api.w.org\/{rel}","templated":true}]}}