{"id":226,"date":"2019-11-12T09:22:21","date_gmt":"2019-11-12T08:22:21","guid":{"rendered":"http:\/\/s11mailingclick.com\/eupet\/fr-prueba\/?post_type=product&#038;p=226"},"modified":"2022-05-19T14:28:36","modified_gmt":"2022-05-19T12:28:36","slug":"moquette-whisky","status":"publish","type":"product","link":"https:\/\/www.eurocarpet.eu\/shop\/fr\/produit\/moquette-pour-foires\/moquette-whisky\/","title":{"rendered":"Rouleau de moquette couleur Whisky"},"content":{"rendered":"<p>Rouleau Moquette Foire Whisky. Rouleau de moquette pour foire dans une \u00e9l\u00e9gante couleur whisky, pr\u00e9sent\u00e9e en formats de 2 x 60 m\u00e8tres (120m2). Sp\u00e9cialement indiqu\u00e9e pour des inaugurations distingu\u00e9es, pr\u00e9sentations d&rsquo;entreprises et n&rsquo;importe quel type d\u2019\u00e9v\u00e9nement avec \u00e9l\u00e9gance.<\/p>\n","protected":false},"excerpt":{"rendered":"<p>Rouleau Moquette Foire Whisky.<br \/>\nRouleau de moquette pour foire dans une \u00e9l\u00e9gante couleur whisky, pr\u00e9sent\u00e9e en formats de 2 x 60 m\u00e8tres (120m2).<br \/>\nSp\u00e9cialement indiqu\u00e9e pour des inaugurations distingu\u00e9es, pr\u00e9sentations d&rsquo;entreprises et n&rsquo;importe quel type d\u2019\u00e9v\u00e9nement avec \u00e9l\u00e9gance.<\/p>\n","protected":false},"featured_media":389,"template":"","meta":{"_et_pb_use_builder":"off","_et_pb_old_content":"Moqueta ferial para eventos en color Rojo Merlot. Indicada para eventos, presentaciones, celebraciones e inauguraciones con un corte elegante y distinguido. Presentada en formato de 2 x 60 metros (120m2).","_et_gb_content_width":""},"product_cat":[18,32],"product_tag":[178,102,180,104,179,105],"_links":{"self":[{"href":"https:\/\/www.eurocarpet.eu\/shop\/fr\/wp-json\/wp\/v2\/product\/226"}],"collection":[{"href":"https:\/\/www.eurocarpet.eu\/shop\/fr\/wp-json\/wp\/v2\/product"}],"about":[{"href":"https:\/\/www.eurocarpet.eu\/shop\/fr\/wp-json\/wp\/v2\/types\/product"}],"wp:featuredmedia":[{"embeddable":true,"href":"https:\/\/www.eurocarpet.eu\/shop\/fr\/wp-json\/wp\/v2\/media\/389"}],"wp:attachment":[{"href":"https:\/\/www.eurocarpet.eu\/shop\/fr\/wp-json\/wp\/v2\/media?parent=226"}],"wp:term":[{"taxonomy":"product_cat","embeddable":true,"href":"https:\/\/www.eurocarpet.eu\/shop\/fr\/wp-json\/wp\/v2\/product_cat?post=226"},{"taxonomy":"product_tag","embeddable":true,"href":"https:\/\/www.eurocarpet.eu\/shop\/fr\/wp-json\/wp\/v2\/product_tag?post=226"}],"curies":[{"name":"wp","href":"https:\/\/api.w.org\/{rel}","templated":true}]}}