{"id":224,"date":"2019-11-12T09:20:17","date_gmt":"2019-11-12T08:20:17","guid":{"rendered":"http:\/\/s11mailingclick.com\/eupet\/fr-prueba\/?post_type=product&#038;p=224"},"modified":"2022-05-19T14:28:37","modified_gmt":"2022-05-19T12:28:37","slug":"moquette-anthracite","status":"publish","type":"product","link":"https:\/\/www.eurocarpet.eu\/shop\/fr\/produit\/moquette-pour-foires\/moquette-anthracite\/","title":{"rendered":"Rouleau de moquette couleur Anthracite"},"content":{"rendered":"<p>Rouleau Moquette Foire Anthracite. Rouleau de moquette pour foire en format de 2 x 60 m\u00e8tres (120m2). Sp\u00e9cialement indiqu\u00e9 pour des \u00e9v\u00e9nements, inaugurations et comme protection, vu que sa couleur est id\u00e9ale pour cacher n&rsquo;importe quel type de salet\u00e9s.<\/p>\n","protected":false},"excerpt":{"rendered":"<p>Rouleau Moquette Foire Anthracite.<br \/>\nRouleau de moquette pour foire en format de 2 x 60 m\u00e8tres (120m2).<br \/>\nSp\u00e9cialement indiqu\u00e9 pour des \u00e9v\u00e9nements, inaugurations et comme protection, vu que sa couleur est id\u00e9ale pour cacher n&rsquo;importe quel type de salet\u00e9s.<\/p>\n","protected":false},"featured_media":391,"template":"","meta":{"_et_pb_use_builder":"off","_et_pb_old_content":"Moqueta ferial para eventos en color Rojo Merlot. Indicada para eventos, presentaciones, celebraciones e inauguraciones con un corte elegante y distinguido. Presentada en formato de 2 x 60 metros (120m2).","_et_gb_content_width":""},"product_cat":[18,32],"product_tag":[182,181,102,183,104,105],"_links":{"self":[{"href":"https:\/\/www.eurocarpet.eu\/shop\/fr\/wp-json\/wp\/v2\/product\/224"}],"collection":[{"href":"https:\/\/www.eurocarpet.eu\/shop\/fr\/wp-json\/wp\/v2\/product"}],"about":[{"href":"https:\/\/www.eurocarpet.eu\/shop\/fr\/wp-json\/wp\/v2\/types\/product"}],"wp:featuredmedia":[{"embeddable":true,"href":"https:\/\/www.eurocarpet.eu\/shop\/fr\/wp-json\/wp\/v2\/media\/391"}],"wp:attachment":[{"href":"https:\/\/www.eurocarpet.eu\/shop\/fr\/wp-json\/wp\/v2\/media?parent=224"}],"wp:term":[{"taxonomy":"product_cat","embeddable":true,"href":"https:\/\/www.eurocarpet.eu\/shop\/fr\/wp-json\/wp\/v2\/product_cat?post=224"},{"taxonomy":"product_tag","embeddable":true,"href":"https:\/\/www.eurocarpet.eu\/shop\/fr\/wp-json\/wp\/v2\/product_tag?post=224"}],"curies":[{"name":"wp","href":"https:\/\/api.w.org\/{rel}","templated":true}]}}