{"id":220,"date":"2019-11-12T09:14:58","date_gmt":"2019-11-12T08:14:58","guid":{"rendered":"http:\/\/s11mailingclick.com\/eupet\/fr-prueba\/?post_type=product&#038;p=220"},"modified":"2022-05-19T14:28:37","modified_gmt":"2022-05-19T12:28:37","slug":"moquette-ecru","status":"publish","type":"product","link":"https:\/\/www.eurocarpet.eu\/shop\/fr\/produit\/moquette-pour-foires\/moquette-ecru\/","title":{"rendered":"Rouleau de moquette couler Ecru"},"content":{"rendered":"<p>Rouleau de Moquette pour Foire Ecru. Moquette pour foire couleur brut sp\u00e9cialement indiqu\u00e9es pour des \u00e9v\u00e9nements distingu\u00e9s et actuels.<\/p>\n","protected":false},"excerpt":{"rendered":"<p>Rouleau de Moquette pour Foire Ecru.<br \/>\nMoquette pour foire couleur brut sp\u00e9cialement indiqu\u00e9es pour des \u00e9v\u00e9nements distingu\u00e9s et actuels.<br \/>\nPr\u00e9sent\u00e9e en format de 2 x 60 m\u00e8tres (120m2).<\/p>\n","protected":false},"featured_media":393,"template":"","meta":{"_et_pb_use_builder":"off","_et_pb_old_content":"Moqueta ferial para eventos en color Rojo Merlot. Indicada para eventos, presentaciones, celebraciones e inauguraciones con un corte elegante y distinguido. Presentada en formato de 2 x 60 metros (120m2).","_et_gb_content_width":""},"product_cat":[18,32],"product_tag":[188,187,102,189,104,105],"_links":{"self":[{"href":"https:\/\/www.eurocarpet.eu\/shop\/fr\/wp-json\/wp\/v2\/product\/220"}],"collection":[{"href":"https:\/\/www.eurocarpet.eu\/shop\/fr\/wp-json\/wp\/v2\/product"}],"about":[{"href":"https:\/\/www.eurocarpet.eu\/shop\/fr\/wp-json\/wp\/v2\/types\/product"}],"wp:featuredmedia":[{"embeddable":true,"href":"https:\/\/www.eurocarpet.eu\/shop\/fr\/wp-json\/wp\/v2\/media\/393"}],"wp:attachment":[{"href":"https:\/\/www.eurocarpet.eu\/shop\/fr\/wp-json\/wp\/v2\/media?parent=220"}],"wp:term":[{"taxonomy":"product_cat","embeddable":true,"href":"https:\/\/www.eurocarpet.eu\/shop\/fr\/wp-json\/wp\/v2\/product_cat?post=220"},{"taxonomy":"product_tag","embeddable":true,"href":"https:\/\/www.eurocarpet.eu\/shop\/fr\/wp-json\/wp\/v2\/product_tag?post=220"}],"curies":[{"name":"wp","href":"https:\/\/api.w.org\/{rel}","templated":true}]}}