{"id":216,"date":"2019-11-12T09:11:22","date_gmt":"2019-11-12T08:11:22","guid":{"rendered":"http:\/\/s11mailingclick.com\/eupet\/fr-prueba\/?post_type=product&#038;p=216"},"modified":"2022-05-19T14:28:38","modified_gmt":"2022-05-19T12:28:38","slug":"moquette-violet","status":"publish","type":"product","link":"https:\/\/www.eurocarpet.eu\/shop\/fr\/produit\/moquette-pour-foires\/moquette-violet\/","title":{"rendered":"Rouleau moquette couleur Violet"},"content":{"rendered":"<p>Rouleau Moquette Foire Violet. Rouleau de moquette foire dans une \u00e9l\u00e9gante couleur violette. Pr\u00e9sent\u00e9 en mesures de 2 x 60 m\u00e8tres (120m2), sp\u00e9cialement s\u00e9lectionn\u00e9 et indiqu\u00e9 pour c\u00e9l\u00e9brations, mariages et n&rsquo;importe quel type de c\u00e9r\u00e9monie.<\/p>\n","protected":false},"excerpt":{"rendered":"<p>Rouleau Moquette Foire Violet.<br \/>\nRouleau de moquette foire dans une \u00e9l\u00e9gante couleur violette, sp\u00e9cialement s\u00e9lectionn\u00e9 et indiqu\u00e9 pour c\u00e9l\u00e9brations, mariages et n&rsquo;importe quel type de c\u00e9r\u00e9monie.<br \/>\nPr\u00e9sent\u00e9 en mesures de 2 x 60 m\u00e8tres (120m2).<\/p>\n","protected":false},"featured_media":396,"template":"","meta":{"_et_pb_use_builder":"off","_et_pb_old_content":"Moqueta ferial para eventos en color Rojo Merlot. Indicada para eventos, presentaciones, celebraciones e inauguraciones con un corte elegante y distinguido. Presentada en formato de 2 x 60 metros (120m2).","_et_gb_content_width":""},"product_cat":[18,31],"product_tag":[194,102,195,104,193,105],"_links":{"self":[{"href":"https:\/\/www.eurocarpet.eu\/shop\/fr\/wp-json\/wp\/v2\/product\/216"}],"collection":[{"href":"https:\/\/www.eurocarpet.eu\/shop\/fr\/wp-json\/wp\/v2\/product"}],"about":[{"href":"https:\/\/www.eurocarpet.eu\/shop\/fr\/wp-json\/wp\/v2\/types\/product"}],"wp:featuredmedia":[{"embeddable":true,"href":"https:\/\/www.eurocarpet.eu\/shop\/fr\/wp-json\/wp\/v2\/media\/396"}],"wp:attachment":[{"href":"https:\/\/www.eurocarpet.eu\/shop\/fr\/wp-json\/wp\/v2\/media?parent=216"}],"wp:term":[{"taxonomy":"product_cat","embeddable":true,"href":"https:\/\/www.eurocarpet.eu\/shop\/fr\/wp-json\/wp\/v2\/product_cat?post=216"},{"taxonomy":"product_tag","embeddable":true,"href":"https:\/\/www.eurocarpet.eu\/shop\/fr\/wp-json\/wp\/v2\/product_tag?post=216"}],"curies":[{"name":"wp","href":"https:\/\/api.w.org\/{rel}","templated":true}]}}