{"id":193,"date":"2019-11-11T11:54:17","date_gmt":"2019-11-11T10:54:17","guid":{"rendered":"http:\/\/s11mailingclick.com\/eupet\/fr-prueba\/?post_type=product&#038;p=193"},"modified":"2022-05-19T14:28:40","modified_gmt":"2022-05-19T12:28:40","slug":"moquette-bordeaux","status":"publish","type":"product","link":"https:\/\/www.eurocarpet.eu\/shop\/fr\/produit\/moquette-pour-foires\/moquette-bordeaux\/","title":{"rendered":"Rouleau moquette couleur Bordeaux"},"content":{"rendered":"<p>Rouleau Moquette Foire Bordeaux. Rouleau de moquette foire en couleur Bordeaux. Sp\u00e9cialement indiqu\u00e9 pour un usage dans les \u00e9v\u00e9nements et expositions. Pr\u00e9sent\u00e9 en format de 2 x 60 m\u00e8tres (120m2).<\/p>\n","protected":false},"excerpt":{"rendered":"<p>Rouleau Moquette Foire Bordeaux.<br \/>\nRouleau de moquette foire en couleur Bordeaux. Sp\u00e9cialement indiqu\u00e9 pour un usage dans les \u00e9v\u00e9nements et expositions.<br \/>\nPr\u00e9sent\u00e9 en format de 2 x 60 m\u00e8tres (120m2).<\/p>\n","protected":false},"featured_media":401,"template":"","meta":{"_et_pb_use_builder":"off","_et_pb_old_content":"Moqueta ferial para eventos en color Rojo Merlot. Indicada para eventos, presentaciones, celebraciones e inauguraciones con un corte elegante y distinguido. Presentada en formato de 2 x 60 metros (120m2).","_et_gb_content_width":""},"product_cat":[18,19],"product_tag":[202,203,102,204,104,105],"_links":{"self":[{"href":"https:\/\/www.eurocarpet.eu\/shop\/fr\/wp-json\/wp\/v2\/product\/193"}],"collection":[{"href":"https:\/\/www.eurocarpet.eu\/shop\/fr\/wp-json\/wp\/v2\/product"}],"about":[{"href":"https:\/\/www.eurocarpet.eu\/shop\/fr\/wp-json\/wp\/v2\/types\/product"}],"wp:featuredmedia":[{"embeddable":true,"href":"https:\/\/www.eurocarpet.eu\/shop\/fr\/wp-json\/wp\/v2\/media\/401"}],"wp:attachment":[{"href":"https:\/\/www.eurocarpet.eu\/shop\/fr\/wp-json\/wp\/v2\/media?parent=193"}],"wp:term":[{"taxonomy":"product_cat","embeddable":true,"href":"https:\/\/www.eurocarpet.eu\/shop\/fr\/wp-json\/wp\/v2\/product_cat?post=193"},{"taxonomy":"product_tag","embeddable":true,"href":"https:\/\/www.eurocarpet.eu\/shop\/fr\/wp-json\/wp\/v2\/product_tag?post=193"}],"curies":[{"name":"wp","href":"https:\/\/api.w.org\/{rel}","templated":true}]}}