{"id":183,"date":"2019-11-11T11:39:42","date_gmt":"2019-11-11T10:39:42","guid":{"rendered":"http:\/\/s11mailingclick.com\/eupet\/fr-prueba\/?post_type=product&#038;p=183"},"modified":"2022-05-19T14:28:41","modified_gmt":"2022-05-19T12:28:41","slug":"moquette-rouge","status":"publish","type":"product","link":"https:\/\/www.eurocarpet.eu\/shop\/fr\/produit\/moquette-pour-foires\/moquette-rouge\/","title":{"rendered":"Rouleau de moquette couleur Rouge"},"content":{"rendered":"<p>Rouleau Moquette pour Foire Rouge. Moquette pour foire pour des \u00e9v\u00e9nements en couleur Rouge Melier. Cr\u00e9\u00e9e pour des \u00e9v\u00e9nements, pr\u00e9sentations, c\u00e9l\u00e9brations et inaugurations avec une coupe \u00e9l\u00e9gante et distingu\u00e9e. Pr\u00e9sent\u00e9e en format de 2 x 60 m\u00e8tres (120m2).<\/p>\n","protected":false},"excerpt":{"rendered":"<p>Rouleau Moquette pour Foire Rouge.<br \/>\nCr\u00e9\u00e9e pour des \u00e9v\u00e9nements, pr\u00e9sentations, c\u00e9l\u00e9brations et inaugurations avec une coupe \u00e9l\u00e9gante et distingu\u00e9e.<br \/>\nPr\u00e9sent\u00e9e en format de 2 x 60 m\u00e8tres (120m2).<\/p>\n","protected":false},"featured_media":403,"template":"","meta":{"_et_pb_use_builder":"off","_et_pb_old_content":"Moqueta ferial para eventos en color Rojo Merlot. Indicada para eventos, presentaciones, celebraciones e inauguraciones con un corte elegante y distinguido. Presentada en formato de 2 x 60 metros (120m2).","_et_gb_content_width":""},"product_cat":[18,19],"product_tag":[208,102,209,104,210,105],"_links":{"self":[{"href":"https:\/\/www.eurocarpet.eu\/shop\/fr\/wp-json\/wp\/v2\/product\/183"}],"collection":[{"href":"https:\/\/www.eurocarpet.eu\/shop\/fr\/wp-json\/wp\/v2\/product"}],"about":[{"href":"https:\/\/www.eurocarpet.eu\/shop\/fr\/wp-json\/wp\/v2\/types\/product"}],"wp:featuredmedia":[{"embeddable":true,"href":"https:\/\/www.eurocarpet.eu\/shop\/fr\/wp-json\/wp\/v2\/media\/403"}],"wp:attachment":[{"href":"https:\/\/www.eurocarpet.eu\/shop\/fr\/wp-json\/wp\/v2\/media?parent=183"}],"wp:term":[{"taxonomy":"product_cat","embeddable":true,"href":"https:\/\/www.eurocarpet.eu\/shop\/fr\/wp-json\/wp\/v2\/product_cat?post=183"},{"taxonomy":"product_tag","embeddable":true,"href":"https:\/\/www.eurocarpet.eu\/shop\/fr\/wp-json\/wp\/v2\/product_tag?post=183"}],"curies":[{"name":"wp","href":"https:\/\/api.w.org\/{rel}","templated":true}]}}