{"id":487,"date":"2019-11-13T09:49:08","date_gmt":"2019-11-13T08:49:08","guid":{"rendered":"http:\/\/s11mailingclick.com\/eupet\/fr-prueba\/?page_id=487"},"modified":"2019-11-15T09:25:57","modified_gmt":"2019-11-15T08:25:57","slug":"conditions-d-utilisation","status":"publish","type":"page","link":"https:\/\/www.eurocarpet.eu\/shop\/fr\/conditions-d-utilisation\/","title":{"rendered":"Conditions d&rsquo;utilisation"},"content":{"rendered":"<p>[et_pb_section fb_built=\u00a0\u00bb1&Prime; admin_label=\u00a0\u00bbsection\u00a0\u00bb _builder_version=\u00a0\u00bb4.0.6&Prime; background_image=\u00a0\u00bbhttps:\/\/www.eurocarpet.eu\/shop\/fr\/wp-content\/uploads\/sites\/4\/fondo-blanco.jpg\u00a0\u00bb background_size=\u00a0\u00bbcontain\u00a0\u00bb background_repeat=\u00a0\u00bbrepeat\u00a0\u00bb background_blend=\u00a0\u00bbmultiply\u00a0\u00bb custom_padding=\u00a0\u00bb15px||\u00a0\u00bb z_index_tablet=\u00a0\u00bb500&Prime; box_shadow_horizontal_tablet=\u00a0\u00bb0px\u00a0\u00bb box_shadow_vertical_tablet=\u00a0\u00bb0px\u00a0\u00bb box_shadow_blur_tablet=\u00a0\u00bb40px\u00a0\u00bb box_shadow_spread_tablet=\u00a0\u00bb0px\u00a0\u00bb][et_pb_row use_custom_gutter=\u00a0\u00bbon\u00a0\u00bb gutter_width=\u00a0\u00bb2&Prime; admin_label=\u00a0\u00bbrow\u00a0\u00bb _builder_version=\u00a0\u00bb4.0.6&Prime; background_image=\u00a0\u00bbhttps:\/\/www.eurocarpet.eu\/shop\/fr\/wp-content\/uploads\/sites\/4\/fondo-blanco.jpg\u00a0\u00bb background_size=\u00a0\u00bbcontain\u00a0\u00bb background_position=\u00a0\u00bbtop_left\u00a0\u00bb background_repeat=\u00a0\u00bbrepeat\u00a0\u00bb width=\u00a0\u00bb95%\u00a0\u00bb z_index_tablet=\u00a0\u00bb500&Prime; box_shadow_horizontal_tablet=\u00a0\u00bb0px\u00a0\u00bb box_shadow_vertical_tablet=\u00a0\u00bb0px\u00a0\u00bb box_shadow_blur_tablet=\u00a0\u00bb40px\u00a0\u00bb box_shadow_spread_tablet=\u00a0\u00bb0px\u00a0\u00bb][et_pb_column type=\u00a0\u00bb4_4&Prime; _builder_version=\u00a0\u00bb3.25&Prime; custom_padding=\u00a0\u00bb|||\u00a0\u00bb custom_padding__hover=\u00a0\u00bb|||\u00a0\u00bb][et_pb_text _builder_version=\u00a0\u00bb4.0.6&Prime; z_index_tablet=\u00a0\u00bb500&Prime; hover_enabled=\u00a0\u00bb0&Prime; text_text_shadow_horizontal_length_tablet=\u00a0\u00bb0px\u00a0\u00bb text_text_shadow_vertical_length_tablet=\u00a0\u00bb0px\u00a0\u00bb text_text_shadow_blur_strength_tablet=\u00a0\u00bb1px\u00a0\u00bb link_text_shadow_horizontal_length_tablet=\u00a0\u00bb0px\u00a0\u00bb link_text_shadow_vertical_length_tablet=\u00a0\u00bb0px\u00a0\u00bb link_text_shadow_blur_strength_tablet=\u00a0\u00bb1px\u00a0\u00bb ul_text_shadow_horizontal_length_tablet=\u00a0\u00bb0px\u00a0\u00bb ul_text_shadow_vertical_length_tablet=\u00a0\u00bb0px\u00a0\u00bb ul_text_shadow_blur_strength_tablet=\u00a0\u00bb1px\u00a0\u00bb ol_text_shadow_horizontal_length_tablet=\u00a0\u00bb0px\u00a0\u00bb ol_text_shadow_vertical_length_tablet=\u00a0\u00bb0px\u00a0\u00bb ol_text_shadow_blur_strength_tablet=\u00a0\u00bb1px\u00a0\u00bb quote_text_shadow_horizontal_length_tablet=\u00a0\u00bb0px\u00a0\u00bb quote_text_shadow_vertical_length_tablet=\u00a0\u00bb0px\u00a0\u00bb quote_text_shadow_blur_strength_tablet=\u00a0\u00bb1px\u00a0\u00bb header_text_shadow_horizontal_length_tablet=\u00a0\u00bb0px\u00a0\u00bb header_text_shadow_vertical_length_tablet=\u00a0\u00bb0px\u00a0\u00bb header_text_shadow_blur_strength_tablet=\u00a0\u00bb1px\u00a0\u00bb header_2_text_shadow_horizontal_length_tablet=\u00a0\u00bb0px\u00a0\u00bb header_2_text_shadow_vertical_length_tablet=\u00a0\u00bb0px\u00a0\u00bb header_2_text_shadow_blur_strength_tablet=\u00a0\u00bb1px\u00a0\u00bb header_3_text_shadow_horizontal_length_tablet=\u00a0\u00bb0px\u00a0\u00bb header_3_text_shadow_vertical_length_tablet=\u00a0\u00bb0px\u00a0\u00bb header_3_text_shadow_blur_strength_tablet=\u00a0\u00bb1px\u00a0\u00bb header_4_text_shadow_horizontal_length_tablet=\u00a0\u00bb0px\u00a0\u00bb header_4_text_shadow_vertical_length_tablet=\u00a0\u00bb0px\u00a0\u00bb header_4_text_shadow_blur_strength_tablet=\u00a0\u00bb1px\u00a0\u00bb header_5_text_shadow_horizontal_length_tablet=\u00a0\u00bb0px\u00a0\u00bb header_5_text_shadow_vertical_length_tablet=\u00a0\u00bb0px\u00a0\u00bb header_5_text_shadow_blur_strength_tablet=\u00a0\u00bb1px\u00a0\u00bb header_6_text_shadow_horizontal_length_tablet=\u00a0\u00bb0px\u00a0\u00bb header_6_text_shadow_vertical_length_tablet=\u00a0\u00bb0px\u00a0\u00bb header_6_text_shadow_blur_strength_tablet=\u00a0\u00bb1px\u00a0\u00bb box_shadow_horizontal_tablet=\u00a0\u00bb0px\u00a0\u00bb box_shadow_vertical_tablet=\u00a0\u00bb0px\u00a0\u00bb box_shadow_blur_tablet=\u00a0\u00bb40px\u00a0\u00bb box_shadow_spread_tablet=\u00a0\u00bb0px\u00a0\u00bb]<\/p>\n<p>EUROCARPET.EU offre dans son magasin on-line un magasin ouvert 24 heures par jour, tous les jours de l\u2019ann\u00e9e et o\u00f9 vous pourrez acheter des articles avec la convenance de votre ordinateur. Par la suite nous d\u00e9taillons les conditions g\u00e9n\u00e9rales qui r\u00e9gulent l&rsquo;achat de nos produits \u00e0 travers de Eurocarpet.eu. En ce sens, l\u2019usage de cette page web \u00e9tablit l\u2019acceptation de ces conditions g\u00e9n\u00e9rales.<\/p>\n<p><strong>REGISTRE<\/strong><br \/>\nPour acheter dans notre magasin online Eurocarpet.eu vous devez vous inscrire. Vos donn\u00e9es seront gard\u00e9es et ainsi vos futurs achats seront plus rapides. Pour \u00eatre membre et acheter dans notre magasin online vous devez aller dans le paragraphe \u201cLog in ou Mon Compte\u201d. Si vous \u00eates enregistr\u00e9 pour acheter dans notre magasin online et que vous avez oubli\u00e9 votre mot de passe vous devez aller dans le paragraphe \u201cLog in ou Mon Compte\u201d, cliquer l\u2019option \u00bfVous avez oubli\u00e9 votre mot de passe ? Et ins\u00e9rer votre adresse de e-mail et \u201ccontinuer\u201d et imm\u00e9diatement vous recevrez un courrier \u00e9lectronique avec votre mot de passe.<\/p>\n<p><strong>PROC\u00c9DURE D&rsquo;ACHAT<\/strong><br \/>\nAcheter dans le magasin online de \u00ab Eurocarpet.eu \u00bbest tr\u00e8s facile ! Apr\u00e8s \u00eatre entr\u00e9 dans notre magasin vous verrez plusieurs moteurs de recherche et s\u00e9lection de nos produits. Vous pouvez choisir la moquette de foire dont vous avez besoin et la modalit\u00e9 du rouleau, par m\u00e8tres ou recycl\u00e9. Pour voir l\u2019article avec plus de d\u00e9tail cliquez sur la photographie de l\u2019article et la fiche de celui-ci appara\u00eetra, par la suite vous choisirez la quantit\u00e9 d\u2019articles et cliquez le bouton \u201cajouter au chariot\u201d. Quand vous voulez confirmer vos achats cliquez sur Mon chariot, cliquez pour confirmer votre commande et passez \u00e0 la page d\u2019Identification. Si vous n&rsquo;\u00eates pas encore enregistr\u00e9, vous devez remplir l\u2019information requise et cliquez \u201cAccepter\u201d. Si vous \u00eates utilisateur, faites clic \u00e0 \u201cLog in\u201d et acc\u00e9der \u00e0 votre compte avec votre nom d&rsquo;utilisateur et mot de passe. <\/p>\n<p>Une fois \u00e0 l&rsquo;int\u00e9rieur de votre compte vous verrez votre chariot et alors vous devrez cliquer \u201cConfirmer votre commande \u201d et passer \u00e0 l\u2019Envoi et Paiement. Dans cette partie vous devez sp\u00e9cifier si vous voulez que la commande soit envoy\u00e9e \u00e0 votre adresse enregistr\u00e9e ou \u00e0 une autre adresse diff\u00e9rente, et ensuite effectuer le paiement. Une fois le paiement termin\u00e9 vous verrez la Confirmation de l&rsquo;enregistrement de la commande et imm\u00e9diatement vous recevrez cette confirmation dans votre courrier \u00e9lectronique. <\/p>\n<p><strong>SERVICE AU CONSOMMATEUR<\/strong><br \/>\nSi vous avez un doute en ce qui concerne les produits ou services de notre magasin online, contactez-nous \u00e0 travers notre courrier \u00e9lectronique info@eurocarpet.eu. On vous r\u00e9pondra rapidement.<\/p>\n<p><strong>PRIX DES PRODUITS<\/strong><br \/>\nLe prix des produits est en EUROS et dans le catalogue apparaissent sans imp\u00f4ts. Tous les prix sont Imp\u00f4ts exclus pour les Entreprises de l\u2019Union Europ\u00e9enne (Except\u00e9 L&rsquo;Espagne), dans quel cas on devra ajouter au chiffre de la commande la TVA correspondante. Dans le r\u00e9sum\u00e9 final d&rsquo;achat est montr\u00e9 le prix d\u00e9finitif ou total de l&rsquo;achat, en indiquant la quantit\u00e9 correspondante au prix du produit d\u00e9termin\u00e9 et la quantit\u00e9 correspondante aux imp\u00f4ts. Par rapport \u00e0 l\u2019Imp\u00f4t sur la Valeur Ajout\u00e9e, comme r\u00e8gle g\u00e9n\u00e9rale on appliquera le type d&rsquo;imposition de 21% pour le territoire de l\u2019Union Europ\u00e9enne o\u00f9 est appliqu\u00e9 cet imp\u00f4t. Les prix expos\u00e9s pourront \u00eatre r\u00e9vis\u00e9s et modifi\u00e9s \u00e0 n&rsquo;importe quel moment par Eurocarpet.eu. <\/p>\n<p><strong>FORMES ET FRAIS D&rsquo;ENVOI<\/strong><br \/>\nLe magasin on-line Eurocarpet.eu vous offre confort et flexibilit\u00e9, c&rsquo;est pour cela que nous envoyons votre commande par agence de transport \u00e0 votre adresse. Les co\u00fbts de transport sont inclus dans le prix. Toutes les commandes confirm\u00e9es et pay\u00e9es dans notre magasin online sont envoy\u00e9es dans un d\u00e9lai maximum approximatif de 5 \u00e0 10 jours ouvrables compt\u00e9s \u00e0 partir du jour suivant le virement \u00e0 notre compte bancaire. Si la couleur choisie de moquette de foire ne se trouve pas en stock, l\u2019engagement de livraison augmentera de 10 jours ouvrables en plus des d\u00e9lais habituellement \u00e9tablis. Ou par d\u00e9faut on proposera au client un changement de couleur similaire, en comptant toujours avec l\u2019approbation du client. D\u00e8s que votre commande sort de nos magasins on vous enverra un e-mail de confirmation de sortie de la commande. Dans le but d\u2019optimiser la livraison, vous devez indiquer une adresse \u00e0 laquelle la commande pourra \u00eatre livr\u00e9e \u00e0 l\u2019int\u00e9rieur des horaires de travail habituels.<\/p>\n<p>Le livreur effectuera la livraison de la commande pendant les horaires de travail. Si la livraison ne peut pas se r\u00e9aliser apr\u00e8s deux tentatives sans succ\u00e8s, alors notre livreur notifiera l\u2019impossibilit\u00e9 d\u2019effectuer la livraison par absence du destinataire et laissera une note pour qu&rsquo;il se rende au bureau le plus proche pour son retrait dans nos bureaux. Le magasin online Eurocarpet.eu ne fait pas de livraison dans les bo\u00eetes postales. S&rsquo;il vous pla\u00eet \u00e9num\u00e9rez toutes les donn\u00e9es n\u00e9cessaires pour la livraison \u00e0 votre adresse d&rsquo;envoi. Avoir l\u2019information compl\u00e8te nous permet de livrer votre commande \u00e0 temps.<\/p>\n<p>Le magasin on-line eurocarpet.eu ne pourra pas \u00eatre consid\u00e9r\u00e9 responsable de la rupture de contrat souscrit en cas de rupture des stocks ou d\u2019indisponibilit\u00e9 du produit, cas de force majeure, d\u2019interruption d\u2019activit\u00e9 ou gr\u00e8ve totale ou partielle, sp\u00e9cialement, des services postaux et moyens de transport ou communications, inondations ou incendie.<\/p>\n<p>Eurocarpet n&rsquo;est pas responsable des retards dans les d\u00e9lais de livraison, \u00e0 condition qu&rsquo;ils soient d\u00e9riv\u00e9s pour des raisons de l&rsquo;agence de transport.<\/p>\n<p><strong>FORME DE PAIEMENT<\/strong><br \/>\nLe magasin online Eurocarpet.eu accepte comme moyen de paiement les virements bancaires, et les cartes bancaires \u00e0 travers du syst\u00e8me PAYPAL. <\/p>\n<p><strong>GARANTIE DES PRODUITS<\/strong><br \/>\nLes produits acquis dans notre magasin, maintiennent les m\u00eames garanties que ceux qui s&rsquo;ach\u00e8tent dans n&rsquo;importe quel point de vente traditionnel&rsquo; est \u00e0 dire, une garantie de qualit\u00e9 contre des d\u00e9fauts de fabrication et mat\u00e9riaux utilis\u00e9s dans les produits (ceci n\u2019est pas une garantie contre l&rsquo;usage et l&rsquo;usure) pour la p\u00e9riode de temps l\u00e9galement en vigueur.<br \/>\n[\/et_pb_text][\/et_pb_column][\/et_pb_row][\/et_pb_section]<\/p>\n","protected":false},"excerpt":{"rendered":"<p>EUROCARPET.EU offre dans son magasin on-line un magasin ouvert 24 heures par jour, tous les jours de l\u2019ann\u00e9e et o\u00f9 vous pourrez acheter des articles avec la convenance de votre ordinateur. Par la suite nous d\u00e9taillons les conditions g\u00e9n\u00e9rales qui r\u00e9gulent l&rsquo;achat de nos produits \u00e0 travers de Eurocarpet.eu. En ce sens, l\u2019usage de cette [&hellip;]<\/p>\n","protected":false},"author":1,"featured_media":0,"parent":0,"menu_order":0,"comment_status":"closed","ping_status":"closed","template":"","meta":{"_et_pb_use_builder":"on","_et_pb_old_content":"","_et_gb_content_width":""},"_links":{"self":[{"href":"https:\/\/www.eurocarpet.eu\/shop\/fr\/wp-json\/wp\/v2\/pages\/487"}],"collection":[{"href":"https:\/\/www.eurocarpet.eu\/shop\/fr\/wp-json\/wp\/v2\/pages"}],"about":[{"href":"https:\/\/www.eurocarpet.eu\/shop\/fr\/wp-json\/wp\/v2\/types\/page"}],"author":[{"embeddable":true,"href":"https:\/\/www.eurocarpet.eu\/shop\/fr\/wp-json\/wp\/v2\/users\/1"}],"replies":[{"embeddable":true,"href":"https:\/\/www.eurocarpet.eu\/shop\/fr\/wp-json\/wp\/v2\/comments?post=487"}],"version-history":[{"count":12,"href":"https:\/\/www.eurocarpet.eu\/shop\/fr\/wp-json\/wp\/v2\/pages\/487\/revisions"}],"predecessor-version":[{"id":730,"href":"https:\/\/www.eurocarpet.eu\/shop\/fr\/wp-json\/wp\/v2\/pages\/487\/revisions\/730"}],"wp:attachment":[{"href":"https:\/\/www.eurocarpet.eu\/shop\/fr\/wp-json\/wp\/v2\/media?parent=487"}],"curies":[{"name":"wp","href":"https:\/\/api.w.org\/{rel}","templated":true}]}}